{"id":25287,"date":"2025-02-21T10:55:54","date_gmt":"2025-02-21T09:55:54","guid":{"rendered":"https:\/\/shop.mittgard.de\/?post_type=product&#038;p=25287"},"modified":"2025-04-22T11:35:08","modified_gmt":"2025-04-22T09:35:08","slug":"gabreta-zinn-vergoldet","status":"publish","type":"product","link":"https:\/\/shop.mittgard.de\/?product=gabreta-zinn-vergoldet","title":{"rendered":"Gabreta Zinn vergoldet"},"content":{"rendered":"<p>Gabreta ist der antike lateinische Name f\u00fcr den B\u00f6hmerwald, soll aber angeblich auch der Name einer keltischen Waldg\u00f6ttin ebenda gewesen sein. Dieses Medaillon wurde extra f\u00fcr das Keltendorf Gabreta und seine G\u00f6ttin entworfen.<\/p>\n<p>Zinn, vergoldet, inklusive Lederband<\/p>\n","protected":false},"excerpt":{"rendered":"<p>Gabreta ist der antike lateinische Name f\u00fcr den B\u00f6hmerwald, soll aber angeblich auch der Name einer keltischen Waldg\u00f6ttin ebenda gewesen sein. Dieses Medaillon wurde extra f\u00fcr das Keltendorf Gabreta und seine G\u00f6ttin entworfen. Zinn, vergoldet, inklusive Lederband<\/p>\n","protected":false},"featured_media":25288,"template":"","meta":[],"product_brand":[],"product_cat":[479,478,455],"product_tag":[824,1431,603,313,1432],"class_list":{"0":"post-25287","1":"product","2":"type-product","3":"status-publish","4":"has-post-thumbnail","6":"product_cat-anhaenger-keltischer-schmuck","7":"product_cat-keltischer-schmuck","8":"product_cat-schmuck","9":"product_tag-boehmen","10":"product_tag-gabreta","11":"product_tag-goettin","12":"product_tag-kelten","13":"product_tag-museumsdorf","14":"product_shipping_class-brief","16":"first","17":"onbackorder","18":"taxable","19":"shipping-taxable","20":"purchasable","21":"product-type-simple"},"_links":{"self":[{"href":"https:\/\/shop.mittgard.de\/index.php?rest_route=\/wp\/v2\/product\/25287","targetHints":{"allow":["GET"]}}],"collection":[{"href":"https:\/\/shop.mittgard.de\/index.php?rest_route=\/wp\/v2\/product"}],"about":[{"href":"https:\/\/shop.mittgard.de\/index.php?rest_route=\/wp\/v2\/types\/product"}],"wp:featuredmedia":[{"embeddable":true,"href":"https:\/\/shop.mittgard.de\/index.php?rest_route=\/wp\/v2\/media\/25288"}],"wp:attachment":[{"href":"https:\/\/shop.mittgard.de\/index.php?rest_route=%2Fwp%2Fv2%2Fmedia&parent=25287"}],"wp:term":[{"taxonomy":"product_brand","embeddable":true,"href":"https:\/\/shop.mittgard.de\/index.php?rest_route=%2Fwp%2Fv2%2Fproduct_brand&post=25287"},{"taxonomy":"product_cat","embeddable":true,"href":"https:\/\/shop.mittgard.de\/index.php?rest_route=%2Fwp%2Fv2%2Fproduct_cat&post=25287"},{"taxonomy":"product_tag","embeddable":true,"href":"https:\/\/shop.mittgard.de\/index.php?rest_route=%2Fwp%2Fv2%2Fproduct_tag&post=25287"}],"curies":[{"name":"wp","href":"https:\/\/api.w.org\/{rel}","templated":true}]}}