{"id":25305,"date":"2025-03-20T14:45:40","date_gmt":"2025-03-20T13:45:40","guid":{"rendered":"https:\/\/shop.mittgard.de\/?post_type=product&#038;p=25305"},"modified":"2025-12-19T09:44:41","modified_gmt":"2025-12-19T08:44:41","slug":"mayer-elisabeth-wildfruechte-gemuese-kraeuter-2","status":"publish","type":"product","link":"https:\/\/shop.mittgard.de\/?product=mayer-elisabeth-wildfruechte-gemuese-kraeuter-2","title":{"rendered":"Mayer, Elisabeth &#8222;Wildfr\u00fcchte, -gem\u00fcse, -kr\u00e4uter&#8220;"},"content":{"rendered":"<p>erkennen, sammeln und genie\u00dfen<\/p>\n<p>Der Klassiker der &#8222;Kr\u00e4uterfee&#8220; Elisabeth Maria Mayer &#8211; jetzt im neuen Design &#8211; stellt rund 60 Wildpflanzen vor und beschreibt, wann und wo man sie findet, wie man sie erkennt und wie vielseitig einsetzbar sie sind.<\/p>\n<p>Wildgem\u00fcse und -kr\u00e4uter, wie B\u00e4rlauch, Brennessel, Giersch, Gundelrebe, Sauerampfer, wilder Thymian oder Waldmeister, sowie Wildfr\u00fcchte, wie Brombeere, Hagebutte, Holunderbeere, Schlehe, Waldhimbeere oder Wei\u00dfdorn, lassen sich in Wiesen und W\u00e4ldern, an Acker- oder Uferr\u00e4ndern sowie in Hecken finden und in der Wildkr\u00e4uterk\u00fcche einsetzen sowie zu wohltuender Naturkosmetik verarbeiten.<\/p>\n<p>Aus dem Inhalt:<\/p>\n<p>&#8211; Rund 60 Wildpflanzen im Portrait: Aussehen, Standort, Sammeltipps<br \/>\n&#8211; \u00dcbersichtlicher Sammelkalender<br \/>\n&#8211; Verwendung der heimischen Pflanzen in der Hildegard-Medizin und der TCM<br \/>\n&#8211; Die besten pikanten Rezepte: Vogelmierencremesuppe, Beinwellschnitzel, K\u00e4se-Veilchen-Auflauf<br \/>\n&#8211; S\u00fc\u00dfe Verf\u00fchrungen wie Berberitzengelee, Lindenbl\u00fctenbiskuit oder Schoko-Minz-Eis<br \/>\n&#8211; Kr\u00e4uter\u00f6le, -essige und -salze, verzuckerte Bl\u00fcten sowie Tee-, Sirup-, Limonaden- und Lik\u00f6rrezepte<br \/>\n&#8211; Selbst gemachte Kr\u00e4uterkosmetik, Duftkissen und Blumenkr\u00e4nze<\/p>\n<p>Gebundene Ausgabe, 216 Seiten<\/p>\n","protected":false},"excerpt":{"rendered":"<p>HC<\/p>\n","protected":false},"featured_media":25306,"template":"","meta":[],"product_brand":[],"product_cat":[185,206],"product_tag":[408,421,406,415,416],"class_list":{"0":"post-25305","1":"product","2":"type-product","3":"status-publish","4":"has-post-thumbnail","6":"product_cat-literatur","7":"product_cat-naturkost","8":"product_tag-bestimmen","9":"product_tag-fruechte","10":"product_tag-rezepte","11":"product_tag-sammeln","12":"product_tag-wildpflanzen","13":"product_shipping_class-paket","15":"first","16":"instock","17":"taxable","18":"shipping-taxable","19":"purchasable","20":"product-type-simple"},"_links":{"self":[{"href":"https:\/\/shop.mittgard.de\/index.php?rest_route=\/wp\/v2\/product\/25305","targetHints":{"allow":["GET"]}}],"collection":[{"href":"https:\/\/shop.mittgard.de\/index.php?rest_route=\/wp\/v2\/product"}],"about":[{"href":"https:\/\/shop.mittgard.de\/index.php?rest_route=\/wp\/v2\/types\/product"}],"wp:featuredmedia":[{"embeddable":true,"href":"https:\/\/shop.mittgard.de\/index.php?rest_route=\/wp\/v2\/media\/25306"}],"wp:attachment":[{"href":"https:\/\/shop.mittgard.de\/index.php?rest_route=%2Fwp%2Fv2%2Fmedia&parent=25305"}],"wp:term":[{"taxonomy":"product_brand","embeddable":true,"href":"https:\/\/shop.mittgard.de\/index.php?rest_route=%2Fwp%2Fv2%2Fproduct_brand&post=25305"},{"taxonomy":"product_cat","embeddable":true,"href":"https:\/\/shop.mittgard.de\/index.php?rest_route=%2Fwp%2Fv2%2Fproduct_cat&post=25305"},{"taxonomy":"product_tag","embeddable":true,"href":"https:\/\/shop.mittgard.de\/index.php?rest_route=%2Fwp%2Fv2%2Fproduct_tag&post=25305"}],"curies":[{"name":"wp","href":"https:\/\/api.w.org\/{rel}","templated":true}]}}