{"id":25322,"date":"2025-04-04T17:45:33","date_gmt":"2025-04-04T15:45:33","guid":{"rendered":"https:\/\/shop.mittgard.de\/?post_type=product&#038;p=25322"},"modified":"2025-04-04T17:45:33","modified_gmt":"2025-04-04T15:45:33","slug":"menzel-anleitung-ueber-das-haerten-schweissen-und-loeten-von-stahl-und-eisen","status":"publish","type":"product","link":"https:\/\/shop.mittgard.de\/?product=menzel-anleitung-ueber-das-haerten-schweissen-und-loeten-von-stahl-und-eisen","title":{"rendered":"Menzel &#8222;Anleitung \u00fcber das H\u00e4rten, Schwei\u00dfen und L\u00f6ten von Stahl und Eisen&#8220;"},"content":{"rendered":"<p>&#8230;nebst vielen Rezepten zur Herstellung praktischer Hilfsmittel<\/p>\n<p>Dieses Handb\u00fcchlein f\u00fcr Schmiede, Schlosser und Metallarbeiter zeigt altes Werkstattwissen. Der Autor teilt hier aus seinem langj\u00e4hrigen Berufsleben erprobte Vorschriften und Vorgehensweisen f\u00fcr das H\u00e4rten, Schwei\u00dfen und L\u00f6ten von Stahl und Eisen. Auch der heutige Leser wird noch viel Erstaunliches und Unbekanntes entdecken das heute bereits vergessen wurde.<\/p>\n<p>Zudem werden im hinteren Teil des Buches noch zahlreiche verschiedene Rezepturen und Hinweise f\u00fcr allerlei praktische Verfahren im Bereich der Metallverarbeitung gegeben.<\/p>\n<p>Nachdruck der 2. Auflage (o.J., um 1910).<\/p>\n<p>Brosch\u00fcre, 40 S., A5, modernes Schriftbild<\/p>\n","protected":false},"excerpt":{"rendered":"<p>Heft<\/p>\n","protected":false},"featured_media":25323,"template":"","meta":[],"product_brand":[],"product_cat":[188,185],"product_tag":[1934,1932,922,283,1931,1933],"class_list":{"0":"post-25322","1":"product","2":"type-product","3":"status-publish","4":"has-post-thumbnail","6":"product_cat-altes-handwerk","7":"product_cat-literatur","8":"product_tag-haerten","9":"product_tag-loeten","10":"product_tag-reprint","11":"product_tag-schmieden","12":"product_tag-schweissen","13":"product_tag-stahlbearbeitung","14":"product_shipping_class-brief","16":"first","17":"instock","18":"taxable","19":"shipping-taxable","20":"purchasable","21":"product-type-simple"},"_links":{"self":[{"href":"https:\/\/shop.mittgard.de\/index.php?rest_route=\/wp\/v2\/product\/25322","targetHints":{"allow":["GET"]}}],"collection":[{"href":"https:\/\/shop.mittgard.de\/index.php?rest_route=\/wp\/v2\/product"}],"about":[{"href":"https:\/\/shop.mittgard.de\/index.php?rest_route=\/wp\/v2\/types\/product"}],"wp:featuredmedia":[{"embeddable":true,"href":"https:\/\/shop.mittgard.de\/index.php?rest_route=\/wp\/v2\/media\/25323"}],"wp:attachment":[{"href":"https:\/\/shop.mittgard.de\/index.php?rest_route=%2Fwp%2Fv2%2Fmedia&parent=25322"}],"wp:term":[{"taxonomy":"product_brand","embeddable":true,"href":"https:\/\/shop.mittgard.de\/index.php?rest_route=%2Fwp%2Fv2%2Fproduct_brand&post=25322"},{"taxonomy":"product_cat","embeddable":true,"href":"https:\/\/shop.mittgard.de\/index.php?rest_route=%2Fwp%2Fv2%2Fproduct_cat&post=25322"},{"taxonomy":"product_tag","embeddable":true,"href":"https:\/\/shop.mittgard.de\/index.php?rest_route=%2Fwp%2Fv2%2Fproduct_tag&post=25322"}],"curies":[{"name":"wp","href":"https:\/\/api.w.org\/{rel}","templated":true}]}}