{"id":25332,"date":"2025-04-05T15:27:02","date_gmt":"2025-04-05T13:27:02","guid":{"rendered":"https:\/\/shop.mittgard.de\/?post_type=product&#038;p=25332"},"modified":"2026-05-04T13:28:00","modified_gmt":"2026-05-04T11:28:00","slug":"diverse-als-der-wald-erwachte","status":"publish","type":"product","link":"https:\/\/shop.mittgard.de\/?product=diverse-als-der-wald-erwachte","title":{"rendered":"Diverse &#8222;Als der Wald erwachte&#8220;"},"content":{"rendered":"<p>Jedes Jahr erwacht der Wald aufs Neue.<\/p>\n<p>Doch wenn die zornige kleine Spinatfrau umherzieht, verkriechen sich die Tiere und Pflanzen lieber schnell wieder unter der Erde. Sie hasst es, wenn alles bl\u00fcht und lebendig ist. Deshalb sind die Waldbewohner froh, als eines Tages ein kleiner Menschenjunge die Spinatfrau entdeckt und entf\u00fchrt. Dabei wei\u00df keiner, warum im Herzen der Spinatfrau ewiger Winter herrscht. Nur die alte Eiche erinnert sich, und beginnt zu erz\u00e4hlen.<\/p>\n<p>Eine bewegende Geschichte \u00fcber Freundschaft und Verlust, Trost und Trauer. M\u00e4rchenhaft illustriert von Emilia Dziubak.<\/p>\n<p>F\u00fcr Kinder ab 4 Jahren<\/p>\n<p>Gebunden, 26 Seiten<\/p>\n","protected":false},"excerpt":{"rendered":"<p>Geb<\/p>\n","protected":false},"featured_media":25333,"template":"","meta":[],"product_brand":[],"product_cat":[197,185],"product_tag":[252,527,447],"class_list":{"0":"post-25332","1":"product","2":"type-product","3":"status-publish","4":"has-post-thumbnail","6":"product_cat-kinderbuecher","7":"product_cat-literatur","8":"product_tag-kinder","9":"product_tag-tiere","10":"product_tag-wald","11":"product_shipping_class-paket","13":"first","14":"onbackorder","15":"taxable","16":"shipping-taxable","17":"purchasable","18":"product-type-simple"},"_links":{"self":[{"href":"https:\/\/shop.mittgard.de\/index.php?rest_route=\/wp\/v2\/product\/25332","targetHints":{"allow":["GET"]}}],"collection":[{"href":"https:\/\/shop.mittgard.de\/index.php?rest_route=\/wp\/v2\/product"}],"about":[{"href":"https:\/\/shop.mittgard.de\/index.php?rest_route=\/wp\/v2\/types\/product"}],"wp:featuredmedia":[{"embeddable":true,"href":"https:\/\/shop.mittgard.de\/index.php?rest_route=\/wp\/v2\/media\/25333"}],"wp:attachment":[{"href":"https:\/\/shop.mittgard.de\/index.php?rest_route=%2Fwp%2Fv2%2Fmedia&parent=25332"}],"wp:term":[{"taxonomy":"product_brand","embeddable":true,"href":"https:\/\/shop.mittgard.de\/index.php?rest_route=%2Fwp%2Fv2%2Fproduct_brand&post=25332"},{"taxonomy":"product_cat","embeddable":true,"href":"https:\/\/shop.mittgard.de\/index.php?rest_route=%2Fwp%2Fv2%2Fproduct_cat&post=25332"},{"taxonomy":"product_tag","embeddable":true,"href":"https:\/\/shop.mittgard.de\/index.php?rest_route=%2Fwp%2Fv2%2Fproduct_tag&post=25332"}],"curies":[{"name":"wp","href":"https:\/\/api.w.org\/{rel}","templated":true}]}}