{"id":25337,"date":"2025-04-05T15:33:09","date_gmt":"2025-04-05T13:33:09","guid":{"rendered":"https:\/\/shop.mittgard.de\/?post_type=product&#038;p=25337"},"modified":"2025-06-02T12:35:20","modified_gmt":"2025-06-02T10:35:20","slug":"lindgren-astrid-das-wolfslied","status":"publish","type":"product","link":"https:\/\/shop.mittgard.de\/?product=lindgren-astrid-das-wolfslied","title":{"rendered":"Lindgren, Astrid &#8222;Das Wolfslied&#8220;"},"content":{"rendered":"<p>Ronja R\u00e4ubertochters Schlaflied<\/p>\n<p>&#8222;Wild heult der Wolf des Nachts im Wald&#8230;&#8220;<\/p>\n<p>Wenn es auf der Mattisburg Zeit ist, ins Bett zu gehen, legt Ronja ihren Kopf in Lovis&#8216; Scho\u00df, und Lovis singt das &#8222;Wolfslied&#8220; f\u00fcr sie. Gefahr und Geborgenheit, Bedrohung und N\u00e4he und W\u00e4rme verbinden sich zu einem faszinierenden, unvergesslichen Schlaflied.<\/p>\n<p>F\u00fcr Kinder ab 5 Jahren<\/p>\n<p>Gebunden, 24 Seiten<\/p>\n","protected":false},"excerpt":{"rendered":"<p>Geb<\/p>\n","protected":false},"featured_media":25338,"template":"","meta":[],"product_brand":[],"product_cat":[197,185],"product_tag":[1936,1935,442],"class_list":{"0":"post-25337","1":"product","2":"type-product","3":"status-publish","4":"has-post-thumbnail","6":"product_cat-kinderbuecher","7":"product_cat-literatur","8":"product_tag-ronja-raeubertochter","9":"product_tag-schlaflied","10":"product_tag-wolf","11":"product_shipping_class-paket","13":"first","14":"onbackorder","15":"taxable","16":"shipping-taxable","17":"purchasable","18":"product-type-simple"},"_links":{"self":[{"href":"https:\/\/shop.mittgard.de\/index.php?rest_route=\/wp\/v2\/product\/25337","targetHints":{"allow":["GET"]}}],"collection":[{"href":"https:\/\/shop.mittgard.de\/index.php?rest_route=\/wp\/v2\/product"}],"about":[{"href":"https:\/\/shop.mittgard.de\/index.php?rest_route=\/wp\/v2\/types\/product"}],"wp:featuredmedia":[{"embeddable":true,"href":"https:\/\/shop.mittgard.de\/index.php?rest_route=\/wp\/v2\/media\/25338"}],"wp:attachment":[{"href":"https:\/\/shop.mittgard.de\/index.php?rest_route=%2Fwp%2Fv2%2Fmedia&parent=25337"}],"wp:term":[{"taxonomy":"product_brand","embeddable":true,"href":"https:\/\/shop.mittgard.de\/index.php?rest_route=%2Fwp%2Fv2%2Fproduct_brand&post=25337"},{"taxonomy":"product_cat","embeddable":true,"href":"https:\/\/shop.mittgard.de\/index.php?rest_route=%2Fwp%2Fv2%2Fproduct_cat&post=25337"},{"taxonomy":"product_tag","embeddable":true,"href":"https:\/\/shop.mittgard.de\/index.php?rest_route=%2Fwp%2Fv2%2Fproduct_tag&post=25337"}],"curies":[{"name":"wp","href":"https:\/\/api.w.org\/{rel}","templated":true}]}}