{"id":25342,"date":"2025-04-05T15:40:32","date_gmt":"2025-04-05T13:40:32","guid":{"rendered":"https:\/\/shop.mittgard.de\/?post_type=product&#038;p=25342"},"modified":"2026-01-14T14:37:18","modified_gmt":"2026-01-14T13:37:18","slug":"wohlleben-peter-50-naturgeheimnisse-und-outdoor-abenteuer","status":"publish","type":"product","link":"https:\/\/shop.mittgard.de\/?product=wohlleben-peter-50-naturgeheimnisse-und-outdoor-abenteuer","title":{"rendered":"Wohlleben, Peter &#8222;50 Naturgeheimnisse und Outdoor-Abenteuer&#8220;"},"content":{"rendered":"<p>Lass uns forschen, spielen und entdecken<\/p>\n<p>50 Mitmach-Ideen und Natur-Entdeckungen f\u00fcr neugierige Outdoor-Kinder!<\/p>\n<p>Ob im Wald, im Garten oder auf der Stra\u00dfe vor deiner Haust\u00fcr: Peter Wohlleben hat jede Menge Ideen, was du drau\u00dfen erleben kannst und welche Geheimnisse es zu entdecken gibt. Hast du Lust, drau\u00dfen zu \u00fcbernachten, Steine \u00fcber den See flitschen oder nach Tierspuren zu suchen? Nimm deine Freunde oder deine Familie mit und ab geht&#8217;s ins Abenteuer unter freiem Himmel.<\/p>\n<p>F\u00fcr Kinder ab 6 Jahren<\/p>\n<p>Gebunden, 96 Seiten<\/p>\n","protected":false},"excerpt":{"rendered":"<p>Geb<\/p>\n","protected":false},"featured_media":25343,"template":"","meta":[],"product_brand":[],"product_cat":[197,185],"product_tag":[252,1031,244,527,447],"class_list":{"0":"post-25342","1":"product","2":"type-product","3":"status-publish","4":"has-post-thumbnail","6":"product_cat-kinderbuecher","7":"product_cat-literatur","8":"product_tag-kinder","9":"product_tag-outdoor","10":"product_tag-survival","11":"product_tag-tiere","12":"product_tag-wald","13":"product_shipping_class-paket","15":"first","16":"instock","17":"taxable","18":"shipping-taxable","19":"purchasable","20":"product-type-simple"},"_links":{"self":[{"href":"https:\/\/shop.mittgard.de\/index.php?rest_route=\/wp\/v2\/product\/25342","targetHints":{"allow":["GET"]}}],"collection":[{"href":"https:\/\/shop.mittgard.de\/index.php?rest_route=\/wp\/v2\/product"}],"about":[{"href":"https:\/\/shop.mittgard.de\/index.php?rest_route=\/wp\/v2\/types\/product"}],"wp:featuredmedia":[{"embeddable":true,"href":"https:\/\/shop.mittgard.de\/index.php?rest_route=\/wp\/v2\/media\/25343"}],"wp:attachment":[{"href":"https:\/\/shop.mittgard.de\/index.php?rest_route=%2Fwp%2Fv2%2Fmedia&parent=25342"}],"wp:term":[{"taxonomy":"product_brand","embeddable":true,"href":"https:\/\/shop.mittgard.de\/index.php?rest_route=%2Fwp%2Fv2%2Fproduct_brand&post=25342"},{"taxonomy":"product_cat","embeddable":true,"href":"https:\/\/shop.mittgard.de\/index.php?rest_route=%2Fwp%2Fv2%2Fproduct_cat&post=25342"},{"taxonomy":"product_tag","embeddable":true,"href":"https:\/\/shop.mittgard.de\/index.php?rest_route=%2Fwp%2Fv2%2Fproduct_tag&post=25342"}],"curies":[{"name":"wp","href":"https:\/\/api.w.org\/{rel}","templated":true}]}}