{"id":2535,"date":"2018-06-22T15:39:42","date_gmt":"2018-06-22T13:39:42","guid":{"rendered":"http:\/\/shop.mittgard.de\/?product=import-placeholder-for-1419"},"modified":"2024-12-14T15:19:32","modified_gmt":"2024-12-14T14:19:32","slug":"bruenhild-3","status":"publish","type":"product","link":"https:\/\/shop.mittgard.de\/?product=bruenhild-3","title":{"rendered":"Br\u00fcnhild (50g)"},"content":{"rendered":"<p>warm-w\u00fcrziger kraftvoller Duft unterst\u00fctzt geistige St\u00e4rke &amp; Selbstentwicklung, mit Kalmus, Styrax, Olibanum&#8230;<\/p>\n","protected":false},"excerpt":{"rendered":"<p>warm-w\u00fcrziger kraftvoller Duft unterst\u00fctzt geistige St\u00e4rke &amp; Selbstentwicklung, mit Kalmus, Styrax, Olibanum&#8230;<\/p>\n","protected":false},"featured_media":1817,"template":"","meta":[],"product_brand":[],"product_cat":[117,110],"product_tag":[65,133],"class_list":{"0":"post-2535","1":"product","2":"type-product","3":"status-publish","4":"has-post-thumbnail","6":"product_cat-mischungen","7":"product_cat-raeucherwerk","8":"product_tag-waermend","9":"product_tag-wuerzig","10":"product_shipping_class-paket","12":"first","13":"instock","14":"taxable","15":"shipping-taxable","16":"purchasable","17":"product-type-simple"},"_links":{"self":[{"href":"https:\/\/shop.mittgard.de\/index.php?rest_route=\/wp\/v2\/product\/2535","targetHints":{"allow":["GET"]}}],"collection":[{"href":"https:\/\/shop.mittgard.de\/index.php?rest_route=\/wp\/v2\/product"}],"about":[{"href":"https:\/\/shop.mittgard.de\/index.php?rest_route=\/wp\/v2\/types\/product"}],"wp:featuredmedia":[{"embeddable":true,"href":"https:\/\/shop.mittgard.de\/index.php?rest_route=\/wp\/v2\/media\/1817"}],"wp:attachment":[{"href":"https:\/\/shop.mittgard.de\/index.php?rest_route=%2Fwp%2Fv2%2Fmedia&parent=2535"}],"wp:term":[{"taxonomy":"product_brand","embeddable":true,"href":"https:\/\/shop.mittgard.de\/index.php?rest_route=%2Fwp%2Fv2%2Fproduct_brand&post=2535"},{"taxonomy":"product_cat","embeddable":true,"href":"https:\/\/shop.mittgard.de\/index.php?rest_route=%2Fwp%2Fv2%2Fproduct_cat&post=2535"},{"taxonomy":"product_tag","embeddable":true,"href":"https:\/\/shop.mittgard.de\/index.php?rest_route=%2Fwp%2Fv2%2Fproduct_tag&post=2535"}],"curies":[{"name":"wp","href":"https:\/\/api.w.org\/{rel}","templated":true}]}}