{"id":25353,"date":"2025-04-14T12:22:42","date_gmt":"2025-04-14T10:22:42","guid":{"rendered":"https:\/\/shop.mittgard.de\/?post_type=product&#038;p=25353"},"modified":"2025-04-22T11:24:39","modified_gmt":"2025-04-22T09:24:39","slug":"wikingerring-7-doppelt-bronze-gross","status":"publish","type":"product","link":"https:\/\/shop.mittgard.de\/?product=wikingerring-7-doppelt-bronze-gross","title":{"rendered":"Wikingerring 7 doppelt Bronze gro\u00df"},"content":{"rendered":"<p>fein gearbeitet mit Punktverzierung und Gesichtern an der Seite<\/p>\n<p>M\u00e4nnergr\u00f6\u00dfe 62, Schmuckbronze, 3,1 cm Breite<\/p>\n","protected":false},"excerpt":{"rendered":"<p>fein gearbeitet mit Punktverzierung und Gesichtern an der Seite M\u00e4nnergr\u00f6\u00dfe 62, Schmuckbronze, 3,1 cm Breite<\/p>\n","protected":false},"featured_media":25354,"template":"","meta":[],"product_brand":[],"product_cat":[470,455],"product_tag":[472,306,988,311],"class_list":{"0":"post-25353","1":"product","2":"type-product","3":"status-publish","4":"has-post-thumbnail","6":"product_cat-ohr-fingerringe","7":"product_cat-schmuck","8":"product_tag-bronze","9":"product_tag-drachen","10":"product_tag-punzierung","11":"product_tag-wikinger","12":"product_shipping_class-brief","14":"first","15":"onbackorder","16":"taxable","17":"shipping-taxable","18":"purchasable","19":"product-type-simple"},"_links":{"self":[{"href":"https:\/\/shop.mittgard.de\/index.php?rest_route=\/wp\/v2\/product\/25353","targetHints":{"allow":["GET"]}}],"collection":[{"href":"https:\/\/shop.mittgard.de\/index.php?rest_route=\/wp\/v2\/product"}],"about":[{"href":"https:\/\/shop.mittgard.de\/index.php?rest_route=\/wp\/v2\/types\/product"}],"wp:featuredmedia":[{"embeddable":true,"href":"https:\/\/shop.mittgard.de\/index.php?rest_route=\/wp\/v2\/media\/25354"}],"wp:attachment":[{"href":"https:\/\/shop.mittgard.de\/index.php?rest_route=%2Fwp%2Fv2%2Fmedia&parent=25353"}],"wp:term":[{"taxonomy":"product_brand","embeddable":true,"href":"https:\/\/shop.mittgard.de\/index.php?rest_route=%2Fwp%2Fv2%2Fproduct_brand&post=25353"},{"taxonomy":"product_cat","embeddable":true,"href":"https:\/\/shop.mittgard.de\/index.php?rest_route=%2Fwp%2Fv2%2Fproduct_cat&post=25353"},{"taxonomy":"product_tag","embeddable":true,"href":"https:\/\/shop.mittgard.de\/index.php?rest_route=%2Fwp%2Fv2%2Fproduct_tag&post=25353"}],"curies":[{"name":"wp","href":"https:\/\/api.w.org\/{rel}","templated":true}]}}