{"id":25359,"date":"2025-04-14T12:30:28","date_gmt":"2025-04-14T10:30:28","guid":{"rendered":"https:\/\/shop.mittgard.de\/?post_type=product&#038;p=25359"},"modified":"2025-06-10T11:42:42","modified_gmt":"2025-06-10T09:42:42","slug":"wikingerring-odins-woelfe-klein-bronze-2","status":"publish","type":"product","link":"https:\/\/shop.mittgard.de\/?product=wikingerring-odins-woelfe-klein-bronze-2","title":{"rendered":"Wikingerring &#8222;Odins W\u00f6lfe&#8220; klein Bronze"},"content":{"rendered":"<p>breiter Wikingerring mit der Darstellung von Odins W\u00f6lfen Geri und Freki, ca. 10 mm breit<\/p>\n<p>Schmuckbronze, Damengr\u00f6\u00dfe 58<\/p>\n","protected":false},"excerpt":{"rendered":"<p>breiter Wikingerring mit der Darstellung von Odins W\u00f6lfen Geri und Freki, ca. 10 mm breit Schmuckbronze, Damengr\u00f6\u00dfe 58<\/p>\n","protected":false},"featured_media":25357,"template":"","meta":[],"product_brand":[],"product_cat":[456,470,455],"product_tag":[1938,358,311,1937],"class_list":{"0":"post-25359","1":"product","2":"type-product","3":"status-publish","4":"has-post-thumbnail","6":"product_cat-germanen-wikinger","7":"product_cat-ohr-fingerringe","8":"product_cat-schmuck","9":"product_tag-geri-freki","10":"product_tag-odin","11":"product_tag-wikinger","12":"product_tag-woelfe","13":"product_shipping_class-brief","15":"first","16":"onbackorder","17":"taxable","18":"shipping-taxable","19":"purchasable","20":"product-type-simple"},"_links":{"self":[{"href":"https:\/\/shop.mittgard.de\/index.php?rest_route=\/wp\/v2\/product\/25359","targetHints":{"allow":["GET"]}}],"collection":[{"href":"https:\/\/shop.mittgard.de\/index.php?rest_route=\/wp\/v2\/product"}],"about":[{"href":"https:\/\/shop.mittgard.de\/index.php?rest_route=\/wp\/v2\/types\/product"}],"wp:featuredmedia":[{"embeddable":true,"href":"https:\/\/shop.mittgard.de\/index.php?rest_route=\/wp\/v2\/media\/25357"}],"wp:attachment":[{"href":"https:\/\/shop.mittgard.de\/index.php?rest_route=%2Fwp%2Fv2%2Fmedia&parent=25359"}],"wp:term":[{"taxonomy":"product_brand","embeddable":true,"href":"https:\/\/shop.mittgard.de\/index.php?rest_route=%2Fwp%2Fv2%2Fproduct_brand&post=25359"},{"taxonomy":"product_cat","embeddable":true,"href":"https:\/\/shop.mittgard.de\/index.php?rest_route=%2Fwp%2Fv2%2Fproduct_cat&post=25359"},{"taxonomy":"product_tag","embeddable":true,"href":"https:\/\/shop.mittgard.de\/index.php?rest_route=%2Fwp%2Fv2%2Fproduct_tag&post=25359"}],"curies":[{"name":"wp","href":"https:\/\/api.w.org\/{rel}","templated":true}]}}