{"id":25367,"date":"2025-04-14T12:56:03","date_gmt":"2025-04-14T10:56:03","guid":{"rendered":"https:\/\/shop.mittgard.de\/?post_type=product&#038;p=25367"},"modified":"2025-10-06T13:09:04","modified_gmt":"2025-10-06T11:09:04","slug":"stiller-anja-magie-des-mittelalters","status":"publish","type":"product","link":"https:\/\/shop.mittgard.de\/?product=stiller-anja-magie-des-mittelalters","title":{"rendered":"Stiller, Anja &#8222;Magie des Mittelalters&#8220;"},"content":{"rendered":"<p>Wei\u00dfe und schwarze Magie&#8230;<\/p>\n<p>&#8230; das Mittelalter kennt beide Formen. Die eine ist gottgewollt, die andere, die Zauberei, geht einen Pakt mit dem Leibhaftigen ein. Zu ihr z\u00e4hlen unter anderem die Zubereitung von Liebes- genauso wie von Zauber- und Abtreibungstr\u00e4nken. Dort der Schutz-, hier der Schadenszauber. Und nicht nur das: Im gro\u00dfen Bereich der schwarzen Magie haben sogar die Astrologie und die Astronomie ihren Platz. Die schlimmste aller Zauberk\u00fcnste aber ist die Nekromantie, die Totenbeschw\u00f6rung. Die Kirche bek\u00e4mpft sie als Tods\u00fcnde. Wer sich im christlichen Mittelalter der Magie bedient, der kann damit zwei einander vollkommen entgegengesetzte Ziele verfolgen: d\u00e4monische M\u00e4chte abzuwehren und Heilungen herbeizuf\u00fchren oder sich genau jener d\u00e4monischen Kr\u00e4fte zu bedienen, um Schaden anzurichten. Das vorliegende Buch begleitet die Leser auf eine Reise in die Welt der mittelalterlichen Zauberliteratur genauso wie die der guten und b\u00f6sen Magie. Es zeigt aber auch die bisweilen enge Verzahnung von ehemals heidnischem Zauberwissen und christlichen Ritualen. Denn nicht immer verl\u00e4uft die Grenze zwischen gottgewollt und d\u00e4monisch so scharf, wie man meinen m\u00f6chte.<\/p>\n<p>Anja Stiller, Jahrgang 1966, studierte in Hannover und Salzburg Deutsche Literaturwissenschaft und Philosophie. Sie arbeitete zehn Jahre lang als Kulturjournalistin, ist inzwischen als freiberufliche Lektorin sowie als PR-Texterin t\u00e4tig und ver\u00f6ffentlicht sowohl Sachb\u00fccher als auch Belletristik.<\/p>\n<p>Gebundene Ausgabe, 160 Seiten<\/p>\n","protected":false},"excerpt":{"rendered":"<p>Geb<\/p>\n","protected":false},"featured_media":25368,"template":"","meta":[],"product_brand":[],"product_cat":[192,195,185,198],"product_tag":[320,376,236,557],"class_list":{"0":"post-25367","1":"product","2":"type-product","3":"status-publish","4":"has-post-thumbnail","6":"product_cat-geschichte","7":"product_cat-hexentum-schamanismus","8":"product_cat-literatur","9":"product_cat-magie","10":"product_tag-hexen","11":"product_tag-magie","12":"product_tag-mittelalter","13":"product_tag-zauberei","14":"product_shipping_class-paket","16":"first","17":"instock","18":"taxable","19":"shipping-taxable","20":"purchasable","21":"product-type-simple"},"_links":{"self":[{"href":"https:\/\/shop.mittgard.de\/index.php?rest_route=\/wp\/v2\/product\/25367","targetHints":{"allow":["GET"]}}],"collection":[{"href":"https:\/\/shop.mittgard.de\/index.php?rest_route=\/wp\/v2\/product"}],"about":[{"href":"https:\/\/shop.mittgard.de\/index.php?rest_route=\/wp\/v2\/types\/product"}],"wp:featuredmedia":[{"embeddable":true,"href":"https:\/\/shop.mittgard.de\/index.php?rest_route=\/wp\/v2\/media\/25368"}],"wp:attachment":[{"href":"https:\/\/shop.mittgard.de\/index.php?rest_route=%2Fwp%2Fv2%2Fmedia&parent=25367"}],"wp:term":[{"taxonomy":"product_brand","embeddable":true,"href":"https:\/\/shop.mittgard.de\/index.php?rest_route=%2Fwp%2Fv2%2Fproduct_brand&post=25367"},{"taxonomy":"product_cat","embeddable":true,"href":"https:\/\/shop.mittgard.de\/index.php?rest_route=%2Fwp%2Fv2%2Fproduct_cat&post=25367"},{"taxonomy":"product_tag","embeddable":true,"href":"https:\/\/shop.mittgard.de\/index.php?rest_route=%2Fwp%2Fv2%2Fproduct_tag&post=25367"}],"curies":[{"name":"wp","href":"https:\/\/api.w.org\/{rel}","templated":true}]}}