{"id":25436,"date":"2025-04-28T12:46:57","date_gmt":"2025-04-28T10:46:57","guid":{"rendered":"https:\/\/shop.mittgard.de\/?post_type=product&#038;p=25436"},"modified":"2025-04-28T12:47:48","modified_gmt":"2025-04-28T10:47:48","slug":"phrygische-muetze-7","status":"publish","type":"product","link":"https:\/\/shop.mittgard.de\/?product=phrygische-muetze-7","title":{"rendered":"Phrygische M\u00fctze 7"},"content":{"rendered":"<p>aus 100% wei\u00dfem Wollstoff, Kopfumfang: 62,5 cm<\/p>\n<p>Die Phrygische M\u00fctze wurde in der Antike von Phrygern und anderen anatolischen V\u00f6lkern getragen. Sie galt bei den Griechen als Symbol f\u00fcr den Barbaren. Bei denen war sie aber Symbol f\u00fcr St\u00e4rke &amp; Zeugungskraft und wurde aus dem Hodensack des Opferstiers hergestellt. Keine Angst, meine M\u00fctzen sind aus Wollstoff!<\/p>\n<p>Durch Anh\u00e4nger des Mithraskultes gelangte diese M\u00fctze mit der r\u00f6mischen Legion bis nach England, wo sie durch Angelsachsen weiter in Mode blieb. Im Mittelalter wurde sie auch in Italien wieder Mode und kennzeichnete den Dogen von Venedig bzw. war die Kopfbedeckung der Seeleute von Neapel.<\/p>\n<p>handgen\u00e4ht<\/p>\n<p>&nbsp;<\/p>\n","protected":false},"excerpt":{"rendered":"<p>Wolle<\/p>\n","protected":false},"featured_media":25437,"template":"","meta":[],"product_brand":[],"product_cat":[562,566],"product_tag":[588,587],"class_list":{"0":"post-25436","1":"product","2":"type-product","3":"status-publish","4":"has-post-thumbnail","6":"product_cat-gewandungen","7":"product_cat-kopfbedeckungen","8":"product_tag-angelsachsen","9":"product_tag-schlumpfmuetze","10":"product_shipping_class-brief","12":"first","13":"instock","14":"sold-individually","15":"taxable","16":"shipping-taxable","17":"purchasable","18":"product-type-simple"},"_links":{"self":[{"href":"https:\/\/shop.mittgard.de\/index.php?rest_route=\/wp\/v2\/product\/25436","targetHints":{"allow":["GET"]}}],"collection":[{"href":"https:\/\/shop.mittgard.de\/index.php?rest_route=\/wp\/v2\/product"}],"about":[{"href":"https:\/\/shop.mittgard.de\/index.php?rest_route=\/wp\/v2\/types\/product"}],"wp:featuredmedia":[{"embeddable":true,"href":"https:\/\/shop.mittgard.de\/index.php?rest_route=\/wp\/v2\/media\/25437"}],"wp:attachment":[{"href":"https:\/\/shop.mittgard.de\/index.php?rest_route=%2Fwp%2Fv2%2Fmedia&parent=25436"}],"wp:term":[{"taxonomy":"product_brand","embeddable":true,"href":"https:\/\/shop.mittgard.de\/index.php?rest_route=%2Fwp%2Fv2%2Fproduct_brand&post=25436"},{"taxonomy":"product_cat","embeddable":true,"href":"https:\/\/shop.mittgard.de\/index.php?rest_route=%2Fwp%2Fv2%2Fproduct_cat&post=25436"},{"taxonomy":"product_tag","embeddable":true,"href":"https:\/\/shop.mittgard.de\/index.php?rest_route=%2Fwp%2Fv2%2Fproduct_tag&post=25436"}],"curies":[{"name":"wp","href":"https:\/\/api.w.org\/{rel}","templated":true}]}}