{"id":25454,"date":"2025-05-06T12:40:10","date_gmt":"2025-05-06T10:40:10","guid":{"rendered":"https:\/\/shop.mittgard.de\/?post_type=product&#038;p=25454"},"modified":"2025-05-06T12:40:11","modified_gmt":"2025-05-06T10:40:11","slug":"diverse-kinderkreativ-box-skandinavien","status":"publish","type":"product","link":"https:\/\/shop.mittgard.de\/?product=diverse-kinderkreativ-box-skandinavien","title":{"rendered":"Diverse &#8222;Kinderkreativ-Box Skandinavien&#8220;"},"content":{"rendered":"<p><strong>Skandinavien von zuhause aus entdecken<\/strong><\/p>\n<p>Schnappt eure Stifte und los geht die Entdeckungstour in den hohen Norden. In der Kinderkreativbox dreht sich alles um die L\u00e4nder Skandinaviens und ihre Bewohner: Elche, Trolle, B\u00e4ren, die s\u00fc\u00dfen Papageitaucher und viele mehr.<br \/>\nAuf gleich zwei riesigen Wimmelpostern zum Ausmalen ist gen\u00fcgend Platz, um sich stundenlang kreativ auszutoben \u2013 allein, mit Freunden oder der ganzen Familie. Zus\u00e4tzlich enth\u00e4lt die Box einen vierfarbigen Stickerbogen und ein R\u00e4tselheft mit spannenden Aufgaben rund um Schweden und co. Ein liebevolles Produkt f\u00fcr alle kleinen und gro\u00dfen Skandinavien-Fans, denen das Warten auf den n\u00e4chsten Urlaub viel zu lang wird<br \/>\nEnth\u00e4lt: zwei Ausmalposter (je 55 x 100 cm), R\u00e4tselheft, Stickerbogen, digitales H\u00f6rbuch zum Streamen. Zus\u00e4tzlich erforderlich: Stifte<\/p>\n<p><strong>Die gro\u00dfe Kinderkreativ-Box: Skandinavien. Kreativit\u00e4t gegen Langeweile<\/strong><\/p>\n<ul>\n<li>Skandi-Feeling nach Hause holen: Eltern und Kinder ab 6 Jahren k\u00f6nnen mit dieser Box ihrer Kreativit\u00e4t freien Lauf lassen und sich so in den Traumurlaub in L\u00e4ndern wie Schweden, Norwegen oder D\u00e4nemark versetzen.<\/li>\n<li>Vielf\u00e4ltige Besch\u00e4ftigung: Mit den gro\u00dfen Ausmalbildern und kniffeligen R\u00e4tseln f\u00fcllt sich ein langweiliger Nachmittag schnell mit viel Action und Spa\u00df.<\/li>\n<li>Dekoration f\u00fcrs Kinderzimmer: Die farbenfrohen Sticker und die bunt ausgemalten Poster bringen Freude in die R\u00e4umlichkeiten kleiner Skandi-Fans.<\/li>\n<li>Quality Time mit der Familie: Statt langweiliger Nachmittage mit hoher Bildschirmzeit k\u00f6nnen Familien wertvolle gemeinsame Zeit verbringen und sich kreativ ausleben.<\/li>\n<\/ul>\n","protected":false},"excerpt":{"rendered":"<p>Box<\/p>\n","protected":false},"featured_media":25455,"template":"","meta":[],"product_brand":[],"product_cat":[197,185],"product_tag":[525,259,1951,359,1950,311],"class_list":{"0":"post-25454","1":"product","2":"type-product","3":"status-publish","4":"has-post-thumbnail","6":"product_cat-kinderbuecher","7":"product_cat-literatur","8":"product_tag-hoerbuch","9":"product_tag-malen","10":"product_tag-raetsel","11":"product_tag-skandinavien","12":"product_tag-spielen","13":"product_tag-wikinger","14":"product_shipping_class-paket","16":"first","17":"instock","18":"taxable","19":"shipping-taxable","20":"purchasable","21":"product-type-simple"},"_links":{"self":[{"href":"https:\/\/shop.mittgard.de\/index.php?rest_route=\/wp\/v2\/product\/25454","targetHints":{"allow":["GET"]}}],"collection":[{"href":"https:\/\/shop.mittgard.de\/index.php?rest_route=\/wp\/v2\/product"}],"about":[{"href":"https:\/\/shop.mittgard.de\/index.php?rest_route=\/wp\/v2\/types\/product"}],"wp:featuredmedia":[{"embeddable":true,"href":"https:\/\/shop.mittgard.de\/index.php?rest_route=\/wp\/v2\/media\/25455"}],"wp:attachment":[{"href":"https:\/\/shop.mittgard.de\/index.php?rest_route=%2Fwp%2Fv2%2Fmedia&parent=25454"}],"wp:term":[{"taxonomy":"product_brand","embeddable":true,"href":"https:\/\/shop.mittgard.de\/index.php?rest_route=%2Fwp%2Fv2%2Fproduct_brand&post=25454"},{"taxonomy":"product_cat","embeddable":true,"href":"https:\/\/shop.mittgard.de\/index.php?rest_route=%2Fwp%2Fv2%2Fproduct_cat&post=25454"},{"taxonomy":"product_tag","embeddable":true,"href":"https:\/\/shop.mittgard.de\/index.php?rest_route=%2Fwp%2Fv2%2Fproduct_tag&post=25454"}],"curies":[{"name":"wp","href":"https:\/\/api.w.org\/{rel}","templated":true}]}}