{"id":25457,"date":"2025-05-07T10:58:22","date_gmt":"2025-05-07T08:58:22","guid":{"rendered":"https:\/\/shop.mittgard.de\/?post_type=product&#038;p=25457"},"modified":"2025-05-07T11:02:30","modified_gmt":"2025-05-07T09:02:30","slug":"fibelkette-6","status":"publish","type":"product","link":"https:\/\/shop.mittgard.de\/?product=fibelkette-6","title":{"rendered":"Fibelkette 6"},"content":{"rendered":"<p>um drei gro\u00dfe wei\u00df-t\u00fcrkisgr\u00fcne Chevron-Glasperlen gruppieren sich blaugr\u00fcne facettierte Glasperlen und verschiedene Knochen- &amp; Steinperlen (Lavastein, Nephrit, Howlith)<\/p>\n<p><span style=\"font-size: 1rem;\">35 cm langer Perlenstrang aufgezogen auf Silberdraht mit <\/span><span style=\"font-size: 1rem;\">S-Haken aus Messing zum Einh\u00e4ngen in das Fibelpaar<\/span><\/p>\n<p>&nbsp;<\/p>\n","protected":false},"excerpt":{"rendered":"<p>um drei gro\u00dfe wei\u00df-t\u00fcrkisgr\u00fcne Chevron-Glasperlen gruppieren sich blaugr\u00fcne facettierte Glasperlen und verschiedene Knochen- &amp; Steinperlen (Lavastein, Nephrit, Howlith) 35 cm langer Perlenstrang aufgezogen auf Silberdraht mit S-Haken aus Messing zum Einh\u00e4ngen in das Fibelpaar &nbsp;<\/p>\n","protected":false},"featured_media":25458,"template":"","meta":[],"product_brand":[],"product_cat":[457,455],"product_tag":[98,615,299,85,91,1952,458,1953,1439,1954,311],"class_list":{"0":"post-25457","1":"product","2":"type-product","3":"status-publish","4":"has-post-thumbnail","6":"product_cat-einzelstuecke","7":"product_cat-schmuck","8":"product_tag-blau","9":"product_tag-brustschmuck","10":"product_tag-glas","11":"product_tag-grau","12":"product_tag-gruen","13":"product_tag-howlith","14":"product_tag-knochen","15":"product_tag-lava","16":"product_tag-nephrit","17":"product_tag-steinperlen","18":"product_tag-wikinger","19":"product_shipping_class-brief","21":"first","22":"instock","23":"sold-individually","24":"taxable","25":"shipping-taxable","26":"purchasable","27":"product-type-simple"},"_links":{"self":[{"href":"https:\/\/shop.mittgard.de\/index.php?rest_route=\/wp\/v2\/product\/25457","targetHints":{"allow":["GET"]}}],"collection":[{"href":"https:\/\/shop.mittgard.de\/index.php?rest_route=\/wp\/v2\/product"}],"about":[{"href":"https:\/\/shop.mittgard.de\/index.php?rest_route=\/wp\/v2\/types\/product"}],"wp:featuredmedia":[{"embeddable":true,"href":"https:\/\/shop.mittgard.de\/index.php?rest_route=\/wp\/v2\/media\/25458"}],"wp:attachment":[{"href":"https:\/\/shop.mittgard.de\/index.php?rest_route=%2Fwp%2Fv2%2Fmedia&parent=25457"}],"wp:term":[{"taxonomy":"product_brand","embeddable":true,"href":"https:\/\/shop.mittgard.de\/index.php?rest_route=%2Fwp%2Fv2%2Fproduct_brand&post=25457"},{"taxonomy":"product_cat","embeddable":true,"href":"https:\/\/shop.mittgard.de\/index.php?rest_route=%2Fwp%2Fv2%2Fproduct_cat&post=25457"},{"taxonomy":"product_tag","embeddable":true,"href":"https:\/\/shop.mittgard.de\/index.php?rest_route=%2Fwp%2Fv2%2Fproduct_tag&post=25457"}],"curies":[{"name":"wp","href":"https:\/\/api.w.org\/{rel}","templated":true}]}}