{"id":25462,"date":"2025-05-14T14:35:49","date_gmt":"2025-05-14T12:35:49","guid":{"rendered":"https:\/\/shop.mittgard.de\/?post_type=product&#038;p=25462"},"modified":"2025-05-14T14:36:51","modified_gmt":"2025-05-14T12:36:51","slug":"nadelkissen-2","status":"publish","type":"product","link":"https:\/\/shop.mittgard.de\/?product=nadelkissen-2","title":{"rendered":"Nadelkissen 2"},"content":{"rendered":"<p>Nadelkissen aus 100% orange-gr\u00fcner Fischgrat &#8211; Wolle, gestopft mit Wollrestern, inklusive 50 St\u00fcck Stecknadeln aus Stahl<\/p>\n<p>6,5 x 10,5 cm gro\u00df<\/p>\n","protected":false},"excerpt":{"rendered":"<p>Nadelkissen aus 100% orange-gr\u00fcner Fischgrat &#8211; Wolle, gestopft mit Wollrestern, inklusive 50 St\u00fcck Stecknadeln aus Stahl 6,5 x 10,5 cm gro\u00df<\/p>\n","protected":false},"featured_media":25463,"template":"","meta":[],"product_brand":[],"product_cat":[562,570],"product_tag":[1529,257],"class_list":{"0":"post-25462","1":"product","2":"type-product","3":"status-publish","4":"has-post-thumbnail","6":"product_cat-gewandungen","7":"product_cat-naehzubehoer","8":"product_tag-nadelarbeit","9":"product_tag-naehen","10":"product_shipping_class-paket","12":"first","13":"instock","14":"sold-individually","15":"taxable","16":"shipping-taxable","17":"purchasable","18":"product-type-simple"},"_links":{"self":[{"href":"https:\/\/shop.mittgard.de\/index.php?rest_route=\/wp\/v2\/product\/25462","targetHints":{"allow":["GET"]}}],"collection":[{"href":"https:\/\/shop.mittgard.de\/index.php?rest_route=\/wp\/v2\/product"}],"about":[{"href":"https:\/\/shop.mittgard.de\/index.php?rest_route=\/wp\/v2\/types\/product"}],"wp:featuredmedia":[{"embeddable":true,"href":"https:\/\/shop.mittgard.de\/index.php?rest_route=\/wp\/v2\/media\/25463"}],"wp:attachment":[{"href":"https:\/\/shop.mittgard.de\/index.php?rest_route=%2Fwp%2Fv2%2Fmedia&parent=25462"}],"wp:term":[{"taxonomy":"product_brand","embeddable":true,"href":"https:\/\/shop.mittgard.de\/index.php?rest_route=%2Fwp%2Fv2%2Fproduct_brand&post=25462"},{"taxonomy":"product_cat","embeddable":true,"href":"https:\/\/shop.mittgard.de\/index.php?rest_route=%2Fwp%2Fv2%2Fproduct_cat&post=25462"},{"taxonomy":"product_tag","embeddable":true,"href":"https:\/\/shop.mittgard.de\/index.php?rest_route=%2Fwp%2Fv2%2Fproduct_tag&post=25462"}],"curies":[{"name":"wp","href":"https:\/\/api.w.org\/{rel}","templated":true}]}}