{"id":25534,"date":"2025-06-23T15:15:23","date_gmt":"2025-06-23T13:15:23","guid":{"rendered":"https:\/\/shop.mittgard.de\/?post_type=product&#038;p=25534"},"modified":"2025-09-15T13:47:23","modified_gmt":"2025-09-15T11:47:23","slug":"rittermann-antje-einfach-holz","status":"publish","type":"product","link":"https:\/\/shop.mittgard.de\/?product=rittermann-antje-einfach-holz","title":{"rendered":"Rittermann, Antje &#8222;einfach Holz&#8220;"},"content":{"rendered":"<p>M\u00f6bel und Objekte aus gefundenem Holz<\/p>\n<p>Sammeln Sie auch so gerne Schwemmholz? Einfach nur wegen seiner sch\u00f6nen Oberfl\u00e4che? Und finden Sie Restholze, egal ob Palettenbrett oder Astst\u00fcck, viel zu schade zum Wegwerfen? Dann ist dieses Buch genau das Richtige f\u00fcr Sie!<\/p>\n<p>Hier finden Sie viele Anleitungen und Ideen, was sich aus gebrauchtem Holz alles bauen l\u00e4sst. Vom einfachen Regal \u00fcber Stuhl, Tisch und Bett bis hin zur Schrankwand! Auch kleine Dosen und ein Reitpferd fehlen nicht. Die Technik- und Konstruktionshinweise helfen Ihnen, eigene Entw\u00fcrfe nach Ihre Ma\u00dfen umzusetzen. Aber keine Sorge: Sie brauchen daf\u00fcr weder eine Kreiss\u00e4ge noch eine perfekt eingerichtete Schreinerwerkstatt. Viele der hier vorgestellten Projekte sind am K\u00fcchentisch und auf einer Bank mitten im Wald entstanden! Mit S\u00e4ge, Akkuschrauber, Holzleim und Schraubzwingen haben Sie das wichtigste Basiswerkzeug schon beisammen!<\/p>\n<p>Wenn Sie sich zutrauen, ein Brett abzus\u00e4gen, eine Schraube einzudrehen und Kleber aus einer Leimflasche zu dr\u00fccken, dann haben Sie die n\u00f6tigen Vorkenntnisse, um einfach loszulegen. Dieses Buch begleitet Sie dabei. Und wer mag, findet \u00fcber einen QR-Code kurze Anleitungsfilme im Internet.<\/p>\n<p>Gebundene Ausgabe, 208 Seiten<\/p>\n","protected":false},"excerpt":{"rendered":"<p>Geb<\/p>\n","protected":false},"featured_media":25535,"template":"","meta":[],"product_brand":[],"product_cat":[186,188,185],"product_tag":[275,220,244],"class_list":{"0":"post-25534","1":"product","2":"type-product","3":"status-publish","4":"has-post-thumbnail","6":"product_cat-alternativ-leben","7":"product_cat-altes-handwerk","8":"product_cat-literatur","9":"product_tag-holzbearbeitung","10":"product_tag-selbstversorger","11":"product_tag-survival","12":"product_shipping_class-paket","14":"first","15":"onbackorder","16":"taxable","17":"shipping-taxable","18":"purchasable","19":"product-type-simple"},"_links":{"self":[{"href":"https:\/\/shop.mittgard.de\/index.php?rest_route=\/wp\/v2\/product\/25534","targetHints":{"allow":["GET"]}}],"collection":[{"href":"https:\/\/shop.mittgard.de\/index.php?rest_route=\/wp\/v2\/product"}],"about":[{"href":"https:\/\/shop.mittgard.de\/index.php?rest_route=\/wp\/v2\/types\/product"}],"wp:featuredmedia":[{"embeddable":true,"href":"https:\/\/shop.mittgard.de\/index.php?rest_route=\/wp\/v2\/media\/25535"}],"wp:attachment":[{"href":"https:\/\/shop.mittgard.de\/index.php?rest_route=%2Fwp%2Fv2%2Fmedia&parent=25534"}],"wp:term":[{"taxonomy":"product_brand","embeddable":true,"href":"https:\/\/shop.mittgard.de\/index.php?rest_route=%2Fwp%2Fv2%2Fproduct_brand&post=25534"},{"taxonomy":"product_cat","embeddable":true,"href":"https:\/\/shop.mittgard.de\/index.php?rest_route=%2Fwp%2Fv2%2Fproduct_cat&post=25534"},{"taxonomy":"product_tag","embeddable":true,"href":"https:\/\/shop.mittgard.de\/index.php?rest_route=%2Fwp%2Fv2%2Fproduct_tag&post=25534"}],"curies":[{"name":"wp","href":"https:\/\/api.w.org\/{rel}","templated":true}]}}