{"id":25547,"date":"2025-06-23T15:28:01","date_gmt":"2025-06-23T13:28:01","guid":{"rendered":"https:\/\/shop.mittgard.de\/?post_type=product&#038;p=25547"},"modified":"2025-10-27T10:55:35","modified_gmt":"2025-10-27T09:55:35","slug":"thomas-robert-schmieden","status":"publish","type":"product","link":"https:\/\/shop.mittgard.de\/?product=thomas-robert-schmieden","title":{"rendered":"Thomas, Robert &#8222;Schmieden&#8220;"},"content":{"rendered":"<p>Techniken, Werkzeuge, Projekte<\/p>\n<p>Jahrtausendealt &#8211; neu entdeckt: Die Kunst des Schmiedens<\/p>\n<p>Der preisgekr\u00f6nte Schmied Robert Thomas stellt die wichtigsten Werkzeuge und Techniken vor, die jeder moderne Schmied kennen muss. Alle, die aus ihrem Interesse am Schmieden ein handfestes Hobby machen m\u00f6chten, finden hier zahlreiche Inspirationen und praktische Anleitungen. Dieses Buch bietet alles N\u00f6tige, um direkt loszulegen: von einem \u00dcberblick \u00fcber das Material Eisen \u00fcber die Kunstgeschichte des Schmiedens und die wichtigsten Design-Prinzipien bis hin zu konkreten Projekten mit Schritt-f\u00fcr-Schritt-Anleitungen f\u00fcr jedes Level.<\/p>\n<p>Mit den wichtigsten Tipps f\u00fcr das Gelingen ihrer Projekte und spannenden Einblicken in die Arbeiten von Robert Thomas, seinem Team und weiteren zeitgen\u00f6ssischen Schmieden.<\/p>\n<p>Gebundene Ausgabe, 162 Seiten<\/p>\n","protected":false},"excerpt":{"rendered":"<p>Geb<\/p>\n","protected":false},"featured_media":25548,"template":"","meta":[],"product_brand":[],"product_cat":[188,185],"product_tag":[1959,283],"class_list":{"0":"post-25547","1":"product","2":"type-product","3":"status-publish","4":"has-post-thumbnail","6":"product_cat-altes-handwerk","7":"product_cat-literatur","8":"product_tag-eisenbearbeitung","9":"product_tag-schmieden","10":"product_shipping_class-paket","12":"first","13":"onbackorder","14":"taxable","15":"shipping-taxable","16":"purchasable","17":"product-type-simple"},"_links":{"self":[{"href":"https:\/\/shop.mittgard.de\/index.php?rest_route=\/wp\/v2\/product\/25547","targetHints":{"allow":["GET"]}}],"collection":[{"href":"https:\/\/shop.mittgard.de\/index.php?rest_route=\/wp\/v2\/product"}],"about":[{"href":"https:\/\/shop.mittgard.de\/index.php?rest_route=\/wp\/v2\/types\/product"}],"wp:featuredmedia":[{"embeddable":true,"href":"https:\/\/shop.mittgard.de\/index.php?rest_route=\/wp\/v2\/media\/25548"}],"wp:attachment":[{"href":"https:\/\/shop.mittgard.de\/index.php?rest_route=%2Fwp%2Fv2%2Fmedia&parent=25547"}],"wp:term":[{"taxonomy":"product_brand","embeddable":true,"href":"https:\/\/shop.mittgard.de\/index.php?rest_route=%2Fwp%2Fv2%2Fproduct_brand&post=25547"},{"taxonomy":"product_cat","embeddable":true,"href":"https:\/\/shop.mittgard.de\/index.php?rest_route=%2Fwp%2Fv2%2Fproduct_cat&post=25547"},{"taxonomy":"product_tag","embeddable":true,"href":"https:\/\/shop.mittgard.de\/index.php?rest_route=%2Fwp%2Fv2%2Fproduct_tag&post=25547"}],"curies":[{"name":"wp","href":"https:\/\/api.w.org\/{rel}","templated":true}]}}