{"id":25555,"date":"2025-06-23T15:41:27","date_gmt":"2025-06-23T13:41:27","guid":{"rendered":"https:\/\/shop.mittgard.de\/?post_type=product&#038;p=25555"},"modified":"2025-06-30T14:53:14","modified_gmt":"2025-06-30T12:53:14","slug":"bertrand-das-herbarium-der-heil-und-giftpflanzen","status":"publish","type":"product","link":"https:\/\/shop.mittgard.de\/?product=bertrand-das-herbarium-der-heil-und-giftpflanzen","title":{"rendered":"Bertrand &#8222;Das Herbarium der Heil- und Giftpflanzen&#8220;"},"content":{"rendered":"<p>Der Schierling, mit dem sich Sokrates das Leben nahm, die Hanfpflanze, die zu Rauschzust\u00e4nden f\u00fchrt, und der Tabak, der so schnell abh\u00e4ngig macht &#8211; sie alle sind mehr oder weniger giftig. Aber was meinen wir eigentlich genau, wenn wir im Zusammenhang mit Pflanzen das Wort &#8222;giftig&#8220; verwenden?<\/p>\n<p>Tomate, Paprika und andere Nachtschattengew\u00e4chse enthalten toxische Alkaloide; Blaus\u00e4ure, ein gef\u00fcrchtetes Zellgift, findet man in \u00c4pfeln, Aprikosen, Kirschen und Mandeln. Dennoch essen wir diese Pflanzen t\u00e4glich und mit Genuss &#8211; ohne uns dabei ernsthaft zu gef\u00e4hrden. &#8222;Giftpflanzen&#8220; k\u00f6nnen aber nicht nur n\u00e4hrstoffreiche Nahrungspflanzen oder bewusstseinsver\u00e4ndernde Drogen sein, sie k\u00f6nnen in vielen F\u00e4llen auch heilen: Lein, Tollkirsche und Baldrian zum Beispiel, haben in der Volksmedizin seit Jahrhunderten ihren festen Platz.<\/p>\n<p>Die Aufz\u00e4hlung zeigt: &#8222;Giftig sein&#8220; und &#8222;heilen k\u00f6nnen&#8220; bilden im Pflanzenreich (oft) keinen Widerspruch, sondern sind vielmehr zwei Seiten einer Medaille. &#8222;Das Herbarium der Heil- und Giftpflanzen&#8220; erlaubt Ihnen einen Einblick in die wundersame Welt der Pflanzen zu werfen, die beides k\u00f6nnen: heilen und vergiften.<\/p>\n<p>Gebunden Ausgabe, Gro\u00dfformat, 190 Seiten<\/p>\n","protected":false},"excerpt":{"rendered":"<p>Geb<\/p>\n","protected":false},"featured_media":25560,"template":"","meta":[],"product_brand":[],"product_cat":[185,201],"product_tag":[1960,937,1961],"class_list":{"0":"post-25555","1":"product","2":"type-product","3":"status-publish","4":"has-post-thumbnail","6":"product_cat-literatur","7":"product_cat-naturheilkunde-kraeuterwissen","8":"product_tag-giftpflanzen","9":"product_tag-heilkraeuter","10":"product_tag-herbarium","11":"product_shipping_class-paket","13":"first","14":"onbackorder","15":"taxable","16":"shipping-taxable","17":"purchasable","18":"product-type-simple"},"_links":{"self":[{"href":"https:\/\/shop.mittgard.de\/index.php?rest_route=\/wp\/v2\/product\/25555","targetHints":{"allow":["GET"]}}],"collection":[{"href":"https:\/\/shop.mittgard.de\/index.php?rest_route=\/wp\/v2\/product"}],"about":[{"href":"https:\/\/shop.mittgard.de\/index.php?rest_route=\/wp\/v2\/types\/product"}],"wp:featuredmedia":[{"embeddable":true,"href":"https:\/\/shop.mittgard.de\/index.php?rest_route=\/wp\/v2\/media\/25560"}],"wp:attachment":[{"href":"https:\/\/shop.mittgard.de\/index.php?rest_route=%2Fwp%2Fv2%2Fmedia&parent=25555"}],"wp:term":[{"taxonomy":"product_brand","embeddable":true,"href":"https:\/\/shop.mittgard.de\/index.php?rest_route=%2Fwp%2Fv2%2Fproduct_brand&post=25555"},{"taxonomy":"product_cat","embeddable":true,"href":"https:\/\/shop.mittgard.de\/index.php?rest_route=%2Fwp%2Fv2%2Fproduct_cat&post=25555"},{"taxonomy":"product_tag","embeddable":true,"href":"https:\/\/shop.mittgard.de\/index.php?rest_route=%2Fwp%2Fv2%2Fproduct_tag&post=25555"}],"curies":[{"name":"wp","href":"https:\/\/api.w.org\/{rel}","templated":true}]}}