{"id":25570,"date":"2025-06-24T15:50:53","date_gmt":"2025-06-24T13:50:53","guid":{"rendered":"https:\/\/shop.mittgard.de\/?post_type=product&#038;p=25570"},"modified":"2025-06-30T15:14:50","modified_gmt":"2025-06-30T13:14:50","slug":"brakteat-odin-auf-sleipnir-bronze","status":"publish","type":"product","link":"https:\/\/shop.mittgard.de\/?product=brakteat-odin-auf-sleipnir-bronze","title":{"rendered":"Brakteat &#8222;Odin auf Sleipnir&#8220; Bronze"},"content":{"rendered":"<p>Brakteaten sind einseitig gepr\u00e4gte M\u00fcnzbleche deren Vorbilder r\u00f6mische Denare mit dem Kaiserbild waren. In Skandinavien wurden darauf allerdings haupts\u00e4chlich Tiere &amp; G\u00f6tter abgebildet. Man nimmt an, da\u00df sie haupts\u00e4chlich zu magischen Zwecken hergestellt und genutzt wurden, da sie vorallem als Hortfunde und als Opfergaben im skandianvischen Raum aus der V\u00f6lkerwanderungszeit zu finden sind.<\/p>\n<p>Dieser ist gotl\u00e4ndischen Brakteaten mit dem Bildnis Odins auf Sleipnir nachempfunden.<\/p>\n<p>Schmuckbronze, \u2205 2,6 cm. Lederband inklusive<\/p>\n","protected":false},"excerpt":{"rendered":"<p>Brakteaten sind einseitig gepr\u00e4gte M\u00fcnzbleche deren Vorbilder r\u00f6mische Denare mit dem Kaiserbild waren. In Skandinavien wurden darauf allerdings haupts\u00e4chlich Tiere &amp; G\u00f6tter abgebildet. Man nimmt an, da\u00df sie haupts\u00e4chlich zu magischen Zwecken hergestellt und genutzt wurden, da sie vorallem als Hortfunde und als Opfergaben im skandianvischen Raum aus der V\u00f6lkerwanderungszeit zu finden sind. Dieser ist &hellip; <\/p>\n<p class=\"link-more\"><a href=\"https:\/\/shop.mittgard.de\/?product=brakteat-odin-auf-sleipnir-bronze\" class=\"more-link\"><span class=\"screen-reader-text\">\u201eBrakteat &#8222;Odin auf Sleipnir&#8220; Bronze\u201c <\/span>weiterlesen<\/a><\/p>\n","protected":false},"featured_media":25571,"template":"","meta":[],"product_brand":[],"product_cat":[474,456,455],"product_tag":[1969,1968,348,376,358,1513],"class_list":{"0":"post-25570","1":"product","2":"type-product","3":"status-publish","4":"has-post-thumbnail","6":"product_cat-anhaenger","7":"product_cat-germanen-wikinger","8":"product_cat-schmuck","9":"product_tag-amulett","10":"product_tag-brakteat","11":"product_tag-edda","12":"product_tag-magie","13":"product_tag-odin","14":"product_tag-sleipnir","15":"product_shipping_class-brief","17":"first","18":"onbackorder","19":"taxable","20":"shipping-taxable","21":"purchasable","22":"product-type-simple"},"_links":{"self":[{"href":"https:\/\/shop.mittgard.de\/index.php?rest_route=\/wp\/v2\/product\/25570","targetHints":{"allow":["GET"]}}],"collection":[{"href":"https:\/\/shop.mittgard.de\/index.php?rest_route=\/wp\/v2\/product"}],"about":[{"href":"https:\/\/shop.mittgard.de\/index.php?rest_route=\/wp\/v2\/types\/product"}],"wp:featuredmedia":[{"embeddable":true,"href":"https:\/\/shop.mittgard.de\/index.php?rest_route=\/wp\/v2\/media\/25571"}],"wp:attachment":[{"href":"https:\/\/shop.mittgard.de\/index.php?rest_route=%2Fwp%2Fv2%2Fmedia&parent=25570"}],"wp:term":[{"taxonomy":"product_brand","embeddable":true,"href":"https:\/\/shop.mittgard.de\/index.php?rest_route=%2Fwp%2Fv2%2Fproduct_brand&post=25570"},{"taxonomy":"product_cat","embeddable":true,"href":"https:\/\/shop.mittgard.de\/index.php?rest_route=%2Fwp%2Fv2%2Fproduct_cat&post=25570"},{"taxonomy":"product_tag","embeddable":true,"href":"https:\/\/shop.mittgard.de\/index.php?rest_route=%2Fwp%2Fv2%2Fproduct_tag&post=25570"}],"curies":[{"name":"wp","href":"https:\/\/api.w.org\/{rel}","templated":true}]}}