{"id":25583,"date":"2025-06-24T16:06:40","date_gmt":"2025-06-24T14:06:40","guid":{"rendered":"https:\/\/shop.mittgard.de\/?post_type=product&#038;p=25583"},"modified":"2025-06-24T16:07:20","modified_gmt":"2025-06-24T14:07:20","slug":"hundezahn-4","status":"publish","type":"product","link":"https:\/\/shop.mittgard.de\/?product=hundezahn-4","title":{"rendered":"Hundezahn 4"},"content":{"rendered":"<p>dieser Backenzahn stammt wahrscheinlich von einem Sch\u00e4ferhund oder einem Wolfshund, dazwischen h\u00e4ngt eine Glasperle<\/p>\n<p>Hunde galten als stete Begleiter des Menschen. Sie waren Freunde, Besch\u00fctzer und Jagd- &amp; Kampfgef\u00e4hrten und waren hoch angesehen in der Gemeinschaft.<\/p>\n<p>3 x 3 cm, Lederband inklusive<\/p>\n","protected":false},"excerpt":{"rendered":"<p>dieser Backenzahn stammt wahrscheinlich von einem Sch\u00e4ferhund oder einem Wolfshund, dazwischen h\u00e4ngt eine Glasperle Hunde galten als stete Begleiter des Menschen. Sie waren Freunde, Besch\u00fctzer und Jagd- &amp; Kampfgef\u00e4hrten und waren hoch angesehen in der Gemeinschaft. 3 x 3 cm, Lederband inklusive<\/p>\n","protected":false},"featured_media":25584,"template":"","meta":[],"product_brand":[],"product_cat":[1605,455],"product_tag":[553,442,463],"class_list":{"0":"post-25583","1":"product","2":"type-product","3":"status-publish","4":"has-post-thumbnail","6":"product_cat-knochen-zaehne","7":"product_cat-schmuck","8":"product_tag-hund","9":"product_tag-wolf","10":"product_tag-zahn","11":"product_shipping_class-brief","13":"first","14":"instock","15":"taxable","16":"shipping-taxable","17":"purchasable","18":"product-type-simple"},"_links":{"self":[{"href":"https:\/\/shop.mittgard.de\/index.php?rest_route=\/wp\/v2\/product\/25583","targetHints":{"allow":["GET"]}}],"collection":[{"href":"https:\/\/shop.mittgard.de\/index.php?rest_route=\/wp\/v2\/product"}],"about":[{"href":"https:\/\/shop.mittgard.de\/index.php?rest_route=\/wp\/v2\/types\/product"}],"wp:featuredmedia":[{"embeddable":true,"href":"https:\/\/shop.mittgard.de\/index.php?rest_route=\/wp\/v2\/media\/25584"}],"wp:attachment":[{"href":"https:\/\/shop.mittgard.de\/index.php?rest_route=%2Fwp%2Fv2%2Fmedia&parent=25583"}],"wp:term":[{"taxonomy":"product_brand","embeddable":true,"href":"https:\/\/shop.mittgard.de\/index.php?rest_route=%2Fwp%2Fv2%2Fproduct_brand&post=25583"},{"taxonomy":"product_cat","embeddable":true,"href":"https:\/\/shop.mittgard.de\/index.php?rest_route=%2Fwp%2Fv2%2Fproduct_cat&post=25583"},{"taxonomy":"product_tag","embeddable":true,"href":"https:\/\/shop.mittgard.de\/index.php?rest_route=%2Fwp%2Fv2%2Fproduct_tag&post=25583"}],"curies":[{"name":"wp","href":"https:\/\/api.w.org\/{rel}","templated":true}]}}