{"id":25587,"date":"2025-07-01T12:24:27","date_gmt":"2025-07-01T10:24:27","guid":{"rendered":"https:\/\/shop.mittgard.de\/?post_type=product&#038;p=25587"},"modified":"2025-10-31T11:21:45","modified_gmt":"2025-10-31T10:21:45","slug":"graeupel-mueller-alamannen-kochbuch","status":"publish","type":"product","link":"https:\/\/shop.mittgard.de\/?product=graeupel-mueller-alamannen-kochbuch","title":{"rendered":"Gr\u00e4upel\/M\u00fcller &#8222;Alamannen Kochbuch&#8220;"},"content":{"rendered":"<p>Der Volksstamm der Alamannen besiedelte ab ca. 260 nach Christus ann\u00e4hernd f\u00fcnf Jahrhunderte lang den s\u00fcdwestdeutschen Raum. Im heutigen Baden-W\u00fcrttemberger Gebiet wurden in den letzten Jahrzehnten, zum Beispiel zwischen 1989 und 2005 beim Gr\u00e4berfeld von Lauchheim, ganze Siedlungen entdeckt und ausgegraben. Diese arch\u00e4ologischen Funde erm\u00f6glichten einmalige Einblicke in das Leben in einem fr\u00fchmittelalterlichen Dorf und lassen R\u00fcckschl\u00fcsse auf die Essgewohnheiten der Alamannen zu.<\/p>\n<p>Anhand dieser Quellen und auf Basis von Schriftzeugnissen historischer Schriftsteller anderer Kulturen haben die Autoren Rezepturen erstellt, wie sie vor nunmehr rund 1500 Jahren an den Feuerstellen der Alamannen verwendet worden sein k\u00f6nnten.<\/p>\n<p>So erm\u00f6glicht dieses Buch kulinarische Aufhellung einer l\u00e4ngst vergangenen und vergessenen Zeit.<\/p>\n<p>Andrea Gr\u00e4upel ist Mitbegr\u00fcnderin der Alamannengruppe Raetovarier und avancierte schnell zur Gruppenk\u00f6chin. Um ihre Gerichte schmackhaft und authentisch zuzubereiten, recherchiert sie ausgiebig in den Bereichen Essen, Trinken und Kr\u00e4uter sowie antikes und fr\u00fchgeschichtliches Kochen im Allgemeinen.<\/p>\n<p>Stefan M\u00fcller hat im Jahr 2005 die Raetovarier gegr\u00fcndet und besch\u00e4ftigt sich schon lange ausgiebig und leidenschaftlich mit Heimatgeschichte und Arch\u00e4ologie sowie Living History. Teil dieser Besch\u00e4ftigung ist nat\u00fcrlich das Ausprobieren der von Andrea Gr\u00e4upel zubereiteten historischen Gerichte.<\/p>\n<p>Gebundene Ausgabe, 168 Seiten<\/p>\n","protected":false},"excerpt":{"rendered":"<p>Geb<\/p>\n","protected":false},"featured_media":25591,"template":"","meta":[],"product_brand":[],"product_cat":[193,185,206],"product_tag":[962,1970,578,336,398,419],"class_list":{"0":"post-25587","1":"product","2":"type-product","3":"status-publish","4":"has-post-thumbnail","6":"product_cat-germanen","7":"product_cat-literatur","8":"product_cat-naturkost","9":"product_tag-alamannen","10":"product_tag-essen","11":"product_tag-fruehmittelalter","12":"product_tag-germanen","13":"product_tag-kochen","14":"product_tag-lagerkueche","15":"product_shipping_class-paket","17":"first","18":"instock","19":"taxable","20":"shipping-taxable","21":"purchasable","22":"product-type-simple"},"_links":{"self":[{"href":"https:\/\/shop.mittgard.de\/index.php?rest_route=\/wp\/v2\/product\/25587","targetHints":{"allow":["GET"]}}],"collection":[{"href":"https:\/\/shop.mittgard.de\/index.php?rest_route=\/wp\/v2\/product"}],"about":[{"href":"https:\/\/shop.mittgard.de\/index.php?rest_route=\/wp\/v2\/types\/product"}],"wp:featuredmedia":[{"embeddable":true,"href":"https:\/\/shop.mittgard.de\/index.php?rest_route=\/wp\/v2\/media\/25591"}],"wp:attachment":[{"href":"https:\/\/shop.mittgard.de\/index.php?rest_route=%2Fwp%2Fv2%2Fmedia&parent=25587"}],"wp:term":[{"taxonomy":"product_brand","embeddable":true,"href":"https:\/\/shop.mittgard.de\/index.php?rest_route=%2Fwp%2Fv2%2Fproduct_brand&post=25587"},{"taxonomy":"product_cat","embeddable":true,"href":"https:\/\/shop.mittgard.de\/index.php?rest_route=%2Fwp%2Fv2%2Fproduct_cat&post=25587"},{"taxonomy":"product_tag","embeddable":true,"href":"https:\/\/shop.mittgard.de\/index.php?rest_route=%2Fwp%2Fv2%2Fproduct_tag&post=25587"}],"curies":[{"name":"wp","href":"https:\/\/api.w.org\/{rel}","templated":true}]}}