{"id":25629,"date":"2025-07-01T13:32:44","date_gmt":"2025-07-01T11:32:44","guid":{"rendered":"https:\/\/shop.mittgard.de\/?post_type=product&#038;p=25629"},"modified":"2025-07-01T13:32:45","modified_gmt":"2025-07-01T11:32:45","slug":"leinengarn-orange-rot-schwarz","status":"publish","type":"product","link":"https:\/\/shop.mittgard.de\/?product=leinengarn-orange-rot-schwarz","title":{"rendered":"Leinengarn orange-rot-schwarz"},"content":{"rendered":"<p>handgewickeltes d\u00fcnnes Leinengarn auf einer Holzspule mit interessantem Farbverlauf von orange \u00fcber rot bis zu schwarz, chemisch gef\u00e4rbt<\/p>\n<p>zum Handn\u00e4hen und Weben geeignet<\/p>\n<p>ca. 200 m auf einer Spule<\/p>\n","protected":false},"excerpt":{"rendered":"<p>handgewickeltes d\u00fcnnes Leinengarn auf einer Holzspule mit interessantem Farbverlauf von orange \u00fcber rot bis zu schwarz, chemisch gef\u00e4rbt zum Handn\u00e4hen und Weben geeignet ca. 200 m auf einer Spule<\/p>\n","protected":false},"featured_media":25630,"template":"","meta":[],"product_brand":[],"product_cat":[562,570],"product_tag":[1973,1254,99,281],"class_list":{"0":"post-25629","1":"product","2":"type-product","3":"status-publish","4":"has-post-thumbnail","6":"product_cat-gewandungen","7":"product_cat-naehzubehoer","8":"product_tag-handnaehen","9":"product_tag-leinengarn","10":"product_tag-orange","11":"product_tag-weben","12":"product_shipping_class-paket","14":"first","15":"instock","16":"taxable","17":"shipping-taxable","18":"purchasable","19":"product-type-simple"},"_links":{"self":[{"href":"https:\/\/shop.mittgard.de\/index.php?rest_route=\/wp\/v2\/product\/25629","targetHints":{"allow":["GET"]}}],"collection":[{"href":"https:\/\/shop.mittgard.de\/index.php?rest_route=\/wp\/v2\/product"}],"about":[{"href":"https:\/\/shop.mittgard.de\/index.php?rest_route=\/wp\/v2\/types\/product"}],"wp:featuredmedia":[{"embeddable":true,"href":"https:\/\/shop.mittgard.de\/index.php?rest_route=\/wp\/v2\/media\/25630"}],"wp:attachment":[{"href":"https:\/\/shop.mittgard.de\/index.php?rest_route=%2Fwp%2Fv2%2Fmedia&parent=25629"}],"wp:term":[{"taxonomy":"product_brand","embeddable":true,"href":"https:\/\/shop.mittgard.de\/index.php?rest_route=%2Fwp%2Fv2%2Fproduct_brand&post=25629"},{"taxonomy":"product_cat","embeddable":true,"href":"https:\/\/shop.mittgard.de\/index.php?rest_route=%2Fwp%2Fv2%2Fproduct_cat&post=25629"},{"taxonomy":"product_tag","embeddable":true,"href":"https:\/\/shop.mittgard.de\/index.php?rest_route=%2Fwp%2Fv2%2Fproduct_tag&post=25629"}],"curies":[{"name":"wp","href":"https:\/\/api.w.org\/{rel}","templated":true}]}}