{"id":25698,"date":"2025-07-07T14:45:58","date_gmt":"2025-07-07T12:45:58","guid":{"rendered":"https:\/\/shop.mittgard.de\/?post_type=product&#038;p=25698"},"modified":"2025-07-07T14:46:23","modified_gmt":"2025-07-07T12:46:23","slug":"dobos-natascha-eine-kleine-geschichte-der-textilfaerberei","status":"publish","type":"product","link":"https:\/\/shop.mittgard.de\/?product=dobos-natascha-eine-kleine-geschichte-der-textilfaerberei","title":{"rendered":"Dobos\/K\u00e4stner &#8222;Eine kleine Geschichte der Textilf\u00e4rberei&#8220;"},"content":{"rendered":"<p>Im Buch wird vom Beginn der F\u00e4rberei berichtet und die Entwicklung verschiedener F\u00e4rbeprozesse, geht dann \u00fcber die Bronze- und Eisenzeit bis ins Fr\u00fchmittelalter, wo die Geschichte der F\u00e4rberinnen verfolgt wird. Ab da wird die Geschichte bis in die Neuzeit anhand der Entwicklung der Stadt Rochlitz weiter erz\u00e4hlt.<\/p>\n<p>broschierte Ausgabe, 140 Seiten<\/p>\n","protected":false},"excerpt":{"rendered":"<p>Br<\/p>\n","protected":false},"featured_media":25701,"template":"","meta":[],"product_brand":[],"product_cat":[188,192,185],"product_tag":[785,1481,1979,236,290,1980,1981],"class_list":{"0":"post-25698","1":"product","2":"type-product","3":"status-publish","4":"has-post-thumbnail","6":"product_cat-altes-handwerk","7":"product_cat-geschichte","8":"product_cat-literatur","9":"product_tag-bronzezeit","10":"product_tag-eisenzeit","11":"product_tag-faerberei","12":"product_tag-mittelalter","13":"product_tag-naturfarben","14":"product_tag-purpur","15":"product_tag-rochlitz","16":"product_shipping_class-paket","18":"first","19":"instock","20":"taxable","21":"shipping-taxable","22":"purchasable","23":"product-type-simple"},"_links":{"self":[{"href":"https:\/\/shop.mittgard.de\/index.php?rest_route=\/wp\/v2\/product\/25698","targetHints":{"allow":["GET"]}}],"collection":[{"href":"https:\/\/shop.mittgard.de\/index.php?rest_route=\/wp\/v2\/product"}],"about":[{"href":"https:\/\/shop.mittgard.de\/index.php?rest_route=\/wp\/v2\/types\/product"}],"wp:featuredmedia":[{"embeddable":true,"href":"https:\/\/shop.mittgard.de\/index.php?rest_route=\/wp\/v2\/media\/25701"}],"wp:attachment":[{"href":"https:\/\/shop.mittgard.de\/index.php?rest_route=%2Fwp%2Fv2%2Fmedia&parent=25698"}],"wp:term":[{"taxonomy":"product_brand","embeddable":true,"href":"https:\/\/shop.mittgard.de\/index.php?rest_route=%2Fwp%2Fv2%2Fproduct_brand&post=25698"},{"taxonomy":"product_cat","embeddable":true,"href":"https:\/\/shop.mittgard.de\/index.php?rest_route=%2Fwp%2Fv2%2Fproduct_cat&post=25698"},{"taxonomy":"product_tag","embeddable":true,"href":"https:\/\/shop.mittgard.de\/index.php?rest_route=%2Fwp%2Fv2%2Fproduct_tag&post=25698"}],"curies":[{"name":"wp","href":"https:\/\/api.w.org\/{rel}","templated":true}]}}