{"id":25705,"date":"2025-07-07T15:25:59","date_gmt":"2025-07-07T13:25:59","guid":{"rendered":"https:\/\/shop.mittgard.de\/?post_type=product&#038;p=25705"},"modified":"2025-12-12T09:34:47","modified_gmt":"2025-12-12T08:34:47","slug":"neuhold-ganzheitliche-naturkosmetik","status":"publish","type":"product","link":"https:\/\/shop.mittgard.de\/?product=neuhold-ganzheitliche-naturkosmetik","title":{"rendered":"Neuhold &#8222;Ganzheitliche Naturkosmetik&#8220;"},"content":{"rendered":"<p>aus Bl\u00fcten und Kr\u00e4utern<\/p>\n<p>Sch\u00f6nheit und Wohlbefinden aus der Natur!<\/p>\n<p>Kosmetik betrifft in erster Linie die Haut. Aber nicht nur. Denn die Haut ist \u00fcber ein enges Netzwerk mit allen Organen und auch mit der Psyche in enger Verbindung. Diese Verkn\u00fcpfungen zwischen K\u00f6rper und Seele werden mit der ganzheitlichen Naturkosmetik mitgepflegt. Es ist ja l\u00e4ngst kein Geheimnis mehr, dass auch unsere emotionale Verfassung das Hautbild beeinflusst.<\/p>\n<p>Dieses Buch vermittelt das n\u00f6tige Wissen, um die ganze pers\u00f6nliche Naturkosmetik nach ganzheitlichen Gesichtspunkten auf einfache Weise herzustellen &#8211; damit sich der Mensch rundherum in seiner Haut wohlf\u00fchlt. Die Wirkstoffe, auf die es dabei ankommt, findet jeder vor seiner Haust\u00fcr: in Bl\u00fcten und Kr\u00e4utern im Garten und in der freien Natur.<\/p>\n<p>Eine umfangreiche Einleitung beschreibt alles Wissenswerte zur Haut: ihren Aufbau, ihre je nach Alter unterschiedlichen Bed\u00fcrfnisse und ihre Pflege. Danach werden zahlreiche Bl\u00fcten und Kr\u00e4uter vorgestellt und ihre jeweilige Wirkung beschrieben. Ein umfassendes Kapitel \u00fcber die Grundlagen des Kosmetikr\u00fchrens f\u00fchrt weiter in das Thema ein.<\/p>\n<p>\u00dcber 100 Rezepte f\u00fcr duftende Cremen, wirkungsvolle Salben, nachhaltig pflegende Lotionen, Pflegeprodukte speziell f\u00fcr den Mann und vieles mehr stellen sicher, dass f\u00fcr jedes Hautbed\u00fcrfnis die passende L\u00f6sung gefunden wird. Zus\u00e4tzliche Empfehlungen f\u00fcr die Zugabe von Bl\u00fctenessenzen und \u00e4therischen \u00d6len unterst\u00fctzen die enge Verbindung von haut und Psyche.<\/p>\n<p>Gebundene Ausgabe, 208 Seiten<\/p>\n","protected":false},"excerpt":{"rendered":"<p>Geb<\/p>\n","protected":false},"featured_media":25707,"template":"","meta":[],"product_brand":[],"product_cat":[186,185,201],"product_tag":[1982,237,366,1112,1385,220],"class_list":{"0":"post-25705","1":"product","2":"type-product","3":"status-publish","4":"has-post-thumbnail","6":"product_cat-alternativ-leben","7":"product_cat-literatur","8":"product_cat-naturheilkunde-kraeuterwissen","9":"product_tag-cremes","10":"product_tag-kosmetik","11":"product_tag-kraeuter","12":"product_tag-naturheilkunde","13":"product_tag-salben","14":"product_tag-selbstversorger","15":"product_shipping_class-paket","17":"first","18":"onbackorder","19":"taxable","20":"shipping-taxable","21":"purchasable","22":"product-type-simple"},"_links":{"self":[{"href":"https:\/\/shop.mittgard.de\/index.php?rest_route=\/wp\/v2\/product\/25705","targetHints":{"allow":["GET"]}}],"collection":[{"href":"https:\/\/shop.mittgard.de\/index.php?rest_route=\/wp\/v2\/product"}],"about":[{"href":"https:\/\/shop.mittgard.de\/index.php?rest_route=\/wp\/v2\/types\/product"}],"wp:featuredmedia":[{"embeddable":true,"href":"https:\/\/shop.mittgard.de\/index.php?rest_route=\/wp\/v2\/media\/25707"}],"wp:attachment":[{"href":"https:\/\/shop.mittgard.de\/index.php?rest_route=%2Fwp%2Fv2%2Fmedia&parent=25705"}],"wp:term":[{"taxonomy":"product_brand","embeddable":true,"href":"https:\/\/shop.mittgard.de\/index.php?rest_route=%2Fwp%2Fv2%2Fproduct_brand&post=25705"},{"taxonomy":"product_cat","embeddable":true,"href":"https:\/\/shop.mittgard.de\/index.php?rest_route=%2Fwp%2Fv2%2Fproduct_cat&post=25705"},{"taxonomy":"product_tag","embeddable":true,"href":"https:\/\/shop.mittgard.de\/index.php?rest_route=%2Fwp%2Fv2%2Fproduct_tag&post=25705"}],"curies":[{"name":"wp","href":"https:\/\/api.w.org\/{rel}","templated":true}]}}