{"id":25717,"date":"2025-07-07T15:49:31","date_gmt":"2025-07-07T13:49:31","guid":{"rendered":"https:\/\/shop.mittgard.de\/?post_type=product&#038;p=25717"},"modified":"2025-08-18T17:20:57","modified_gmt":"2025-08-18T15:20:57","slug":"lenart-fantastisches-nadelfilzen","status":"publish","type":"product","link":"https:\/\/shop.mittgard.de\/?product=lenart-fantastisches-nadelfilzen","title":{"rendered":"Lenart &#8222;Fantastisches Nadelfilzen&#8220;"},"content":{"rendered":"<p>Elfen, Wichtel, Einh\u00f6rner und viele Tiere aus dem Zauberwald<\/p>\n<p>Mit der Nadel filzen und einen Zauberwald erschaffen!<\/p>\n<p>Ganz gleich, ob Sie ein Filzneuling sind oder bereits Erfahrung in dieser Kunst mitbringen: Sie werden sich in diese liebenswerten, zauberhaften, gefilzten Waldbewohner verlieben!<\/p>\n<p>Autorin Claudia Marie Lenart beginnt mit einer Einf\u00fchrung in die Materialien zum Filzen sowie in die Grundtechniken f\u00fcr gefilzte Formen und erkl\u00e4rt das F\u00e4rben und Mischen der Wolle.<\/p>\n<p>Jedes entz\u00fcckende Projekt beinhaltet eine Materialliste sowie Farbfotos und viele Schritt-f\u00fcr-Schritt-Anleitungen. Expertentipps und -techniken werden durchgehend eingestreut und f\u00fcr einige Kreationen sind vollst\u00e4ndige Vorlagen enthalten. So entstehen in Windeseile eine Fliegenpilzfamilie auf einem Moosh\u00fcgel, freundliche Wichtel, gefilzte B\u00e4ume und Blumen, Waldkinder, Kaninchen, Rotkehlchen, Einh\u00f6rner und vieles, vieles mehr!<\/p>\n<p>Beginnen Sie mit dem Filzen der Pflanzen und Tiere f\u00fcr Ihren eigenen M\u00e4rchenwald, um eine magische Welt zu erschaffen, die zum Bewundern, Dekorieren oder auch Spielen einl\u00e4dt!<\/p>\n<p>Broschierte Ausgabe, 128 Seiten<\/p>\n","protected":false},"excerpt":{"rendered":"<p>Br<\/p>\n","protected":false},"featured_media":25720,"template":"","meta":[],"product_brand":[],"product_cat":[188,197,185],"product_tag":[287,1983,1950,650,280,1984],"class_list":{"0":"post-25717","1":"product","2":"type-product","3":"status-publish","4":"has-post-thumbnail","6":"product_cat-altes-handwerk","7":"product_cat-kinderbuecher","8":"product_cat-literatur","9":"product_tag-filzen","10":"product_tag-handarbeiten","11":"product_tag-spielen","12":"product_tag-wichtel","13":"product_tag-wolle","14":"product_tag-zauberwald","15":"product_shipping_class-paket","17":"first","18":"onbackorder","19":"taxable","20":"shipping-taxable","21":"purchasable","22":"product-type-simple"},"_links":{"self":[{"href":"https:\/\/shop.mittgard.de\/index.php?rest_route=\/wp\/v2\/product\/25717","targetHints":{"allow":["GET"]}}],"collection":[{"href":"https:\/\/shop.mittgard.de\/index.php?rest_route=\/wp\/v2\/product"}],"about":[{"href":"https:\/\/shop.mittgard.de\/index.php?rest_route=\/wp\/v2\/types\/product"}],"wp:featuredmedia":[{"embeddable":true,"href":"https:\/\/shop.mittgard.de\/index.php?rest_route=\/wp\/v2\/media\/25720"}],"wp:attachment":[{"href":"https:\/\/shop.mittgard.de\/index.php?rest_route=%2Fwp%2Fv2%2Fmedia&parent=25717"}],"wp:term":[{"taxonomy":"product_brand","embeddable":true,"href":"https:\/\/shop.mittgard.de\/index.php?rest_route=%2Fwp%2Fv2%2Fproduct_brand&post=25717"},{"taxonomy":"product_cat","embeddable":true,"href":"https:\/\/shop.mittgard.de\/index.php?rest_route=%2Fwp%2Fv2%2Fproduct_cat&post=25717"},{"taxonomy":"product_tag","embeddable":true,"href":"https:\/\/shop.mittgard.de\/index.php?rest_route=%2Fwp%2Fv2%2Fproduct_tag&post=25717"}],"curies":[{"name":"wp","href":"https:\/\/api.w.org\/{rel}","templated":true}]}}