{"id":25728,"date":"2025-07-08T08:27:25","date_gmt":"2025-07-08T06:27:25","guid":{"rendered":"https:\/\/shop.mittgard.de\/?post_type=product&#038;p=25728"},"modified":"2025-07-08T08:28:20","modified_gmt":"2025-07-08T06:28:20","slug":"leinengarn-16-mandarine","status":"publish","type":"product","link":"https:\/\/shop.mittgard.de\/?product=leinengarn-16-mandarine","title":{"rendered":"Leinengarn 16 mandarine"},"content":{"rendered":"<p>Barkonie Leinengarn zum N\u00e4hen, Sticken oder Kl\u00f6ppeln<br \/>\nGarnst\u00e4rke NeL 50\/2, \u00e4hnlich Bockens 60\/3<br \/>\n1 Spule sind 200m<\/p>\n<p>weitere Farben nachbestellbar siehe Farbtabelle<\/p>\n","protected":false},"excerpt":{"rendered":"<p>Barkonie Leinengarn zum N\u00e4hen, Sticken oder Kl\u00f6ppeln Garnst\u00e4rke NeL 50\/2, \u00e4hnlich Bockens 60\/3 1 Spule sind 200m weitere Farben nachbestellbar siehe Farbtabelle<\/p>\n","protected":false},"featured_media":25729,"template":"","meta":[],"product_brand":[],"product_cat":[562,570],"product_tag":[801,1985,1007,99],"class_list":{"0":"post-25728","1":"product","2":"type-product","3":"status-publish","4":"has-post-thumbnail","6":"product_cat-gewandungen","7":"product_cat-naehzubehoer","8":"product_tag-leinen","9":"product_tag-mandarine","10":"product_tag-naehgarn","11":"product_tag-orange","12":"product_shipping_class-paket","14":"first","15":"instock","16":"taxable","17":"shipping-taxable","18":"purchasable","19":"product-type-simple"},"_links":{"self":[{"href":"https:\/\/shop.mittgard.de\/index.php?rest_route=\/wp\/v2\/product\/25728","targetHints":{"allow":["GET"]}}],"collection":[{"href":"https:\/\/shop.mittgard.de\/index.php?rest_route=\/wp\/v2\/product"}],"about":[{"href":"https:\/\/shop.mittgard.de\/index.php?rest_route=\/wp\/v2\/types\/product"}],"wp:featuredmedia":[{"embeddable":true,"href":"https:\/\/shop.mittgard.de\/index.php?rest_route=\/wp\/v2\/media\/25729"}],"wp:attachment":[{"href":"https:\/\/shop.mittgard.de\/index.php?rest_route=%2Fwp%2Fv2%2Fmedia&parent=25728"}],"wp:term":[{"taxonomy":"product_brand","embeddable":true,"href":"https:\/\/shop.mittgard.de\/index.php?rest_route=%2Fwp%2Fv2%2Fproduct_brand&post=25728"},{"taxonomy":"product_cat","embeddable":true,"href":"https:\/\/shop.mittgard.de\/index.php?rest_route=%2Fwp%2Fv2%2Fproduct_cat&post=25728"},{"taxonomy":"product_tag","embeddable":true,"href":"https:\/\/shop.mittgard.de\/index.php?rest_route=%2Fwp%2Fv2%2Fproduct_tag&post=25728"}],"curies":[{"name":"wp","href":"https:\/\/api.w.org\/{rel}","templated":true}]}}