{"id":25749,"date":"2025-07-17T13:43:28","date_gmt":"2025-07-17T11:43:28","guid":{"rendered":"https:\/\/shop.mittgard.de\/?post_type=product&#038;p=25749"},"modified":"2025-11-21T12:50:23","modified_gmt":"2025-11-21T11:50:23","slug":"korn-ensikat-das-raetsel-der-varusschlacht","status":"publish","type":"product","link":"https:\/\/shop.mittgard.de\/?product=korn-ensikat-das-raetsel-der-varusschlacht","title":{"rendered":"Korn\/Ensikat &#8222;Das R\u00e4tsel der Varusschlacht&#8220;"},"content":{"rendered":"<p>Arch\u00e4ologen auf der Spur der verlorenen Legion<\/p>\n<p>9 n. Chr. irgendwo in Germanien:<br \/>\nDer r\u00f6mische Statthalter Varus wird mit seiner Armee von Germanen in einen Hinterhalt gelockt und vernichtend geschlagen &#8211; bis heute eines der wichtigsten historischen Ereignisse auf deutschem Boden. Erst in den 1980er Jahren entdeckte ein Hobbyarch\u00e4ologe ein riesiges Schlachtfeld aus r\u00f6mischer Zeit: Knochen, Waffen, M\u00fcnzen. Sind das die \u00dcberreste von Varus und seinen Legionen? Die Suche nach dem Ort der Schlacht, nach Hinweisen f\u00fcr ihren Verlauf und ihre Datierung ist ein Kriminalroman der Arch\u00e4ologie.<\/p>\n<p>Wolfgang Korns und Klaus Ensikats preisgekr\u00f6ntes Sachbuch erz\u00e4hlt diesen Krimi nach &#8211; einzigartig und didaktisch innovativ.<\/p>\n<p>Gebundene Ausgabe, 192 Seiten<\/p>\n","protected":false},"excerpt":{"rendered":"<p>Geb<\/p>\n","protected":false},"featured_media":25750,"template":"","meta":[],"product_brand":[],"product_cat":[189,192,197,185,211],"product_tag":[308,336,1988,314,1987,1986],"class_list":{"0":"post-25749","1":"product","2":"type-product","3":"status-publish","4":"has-post-thumbnail","6":"product_cat-archaeologie","7":"product_cat-geschichte","8":"product_cat-kinderbuecher","9":"product_cat-literatur","10":"product_cat-sachbuch-lexika","11":"product_tag-archaeologie","12":"product_tag-germanen","13":"product_tag-kalkriese","14":"product_tag-roemer","15":"product_tag-schlacht","16":"product_tag-teutoburgerwald","17":"product_shipping_class-paket","19":"first","20":"onbackorder","21":"taxable","22":"shipping-taxable","23":"purchasable","24":"product-type-simple"},"_links":{"self":[{"href":"https:\/\/shop.mittgard.de\/index.php?rest_route=\/wp\/v2\/product\/25749","targetHints":{"allow":["GET"]}}],"collection":[{"href":"https:\/\/shop.mittgard.de\/index.php?rest_route=\/wp\/v2\/product"}],"about":[{"href":"https:\/\/shop.mittgard.de\/index.php?rest_route=\/wp\/v2\/types\/product"}],"wp:featuredmedia":[{"embeddable":true,"href":"https:\/\/shop.mittgard.de\/index.php?rest_route=\/wp\/v2\/media\/25750"}],"wp:attachment":[{"href":"https:\/\/shop.mittgard.de\/index.php?rest_route=%2Fwp%2Fv2%2Fmedia&parent=25749"}],"wp:term":[{"taxonomy":"product_brand","embeddable":true,"href":"https:\/\/shop.mittgard.de\/index.php?rest_route=%2Fwp%2Fv2%2Fproduct_brand&post=25749"},{"taxonomy":"product_cat","embeddable":true,"href":"https:\/\/shop.mittgard.de\/index.php?rest_route=%2Fwp%2Fv2%2Fproduct_cat&post=25749"},{"taxonomy":"product_tag","embeddable":true,"href":"https:\/\/shop.mittgard.de\/index.php?rest_route=%2Fwp%2Fv2%2Fproduct_tag&post=25749"}],"curies":[{"name":"wp","href":"https:\/\/api.w.org\/{rel}","templated":true}]}}