{"id":25756,"date":"2025-07-17T13:56:35","date_gmt":"2025-07-17T11:56:35","guid":{"rendered":"https:\/\/shop.mittgard.de\/?post_type=product&#038;p=25756"},"modified":"2026-02-23T10:06:43","modified_gmt":"2026-02-23T09:06:43","slug":"haag-stefan-magische-pflanzen","status":"publish","type":"product","link":"https:\/\/shop.mittgard.de\/?product=haag-stefan-magische-pflanzen","title":{"rendered":"Haag, Stefan &#8222;Magische Pflanzen&#8220;"},"content":{"rendered":"<p>Liebeskr\u00e4uter, Heil- und Zauberpflanzen aus aller Welt<\/p>\n<p>Die beiden Erfolgstitel <strong>&#8222;Von Druidentrank und Hexenkraut&#8220;<\/strong> und <strong>&#8222;Von Rosen\u00f6l und Sandelholz&#8220;<\/strong> in einem Band.<\/p>\n<p>Schon seit vielen tausend Jahren wussten die Menschen um die Heilkraft und Magie der Pflanzen. Sei es als linderndes Kraut oder als Trank, um den Blick des Geliebten anzuziehen &#8211; den Verwendungsm\u00f6glichkeiten waren kaum Grenzen gesetzt. Sogar Kleopatra, die stolze und sch\u00f6ne K\u00f6nigin, nutzte die berauschende Wirkung der Alraune und des Bilsenkrauts f\u00fcr ihr Liebeselixier. Am\u00fcsant und unterhaltsam beschreibt Stefan Haag die Kulturgeschichte unserer Zauberpflanzen. Er berichtet \u00fcber Mythen, Magie und Brauchtum sowie \u00fcber die Verwendung der Heilpflanzen in der Volksmedizin fr\u00fcherer Zeiten bis hin zur modernen Hom\u00f6opathie.<\/p>\n<p>Gebundene Ausgabe, 358 Seiten<\/p>\n","protected":false},"excerpt":{"rendered":"<p>Geb<\/p>\n","protected":false},"featured_media":25757,"template":"","meta":[],"product_brand":[],"product_cat":[195,185,201],"product_tag":[1989,1359,374,320,366,1472,376,1223],"class_list":{"0":"post-25756","1":"product","2":"type-product","3":"status-publish","4":"has-post-thumbnail","6":"product_cat-hexentum-schamanismus","7":"product_cat-literatur","8":"product_cat-naturheilkunde-kraeuterwissen","9":"product_tag-aphrodisiaka","10":"product_tag-drogen","11":"product_tag-heilkunde","12":"product_tag-hexen","13":"product_tag-kraeuter","14":"product_tag-kraeutermagie","15":"product_tag-magie","16":"product_tag-zauberpflanzen","17":"product_shipping_class-paket","19":"first","20":"onbackorder","21":"taxable","22":"shipping-taxable","23":"purchasable","24":"product-type-simple"},"_links":{"self":[{"href":"https:\/\/shop.mittgard.de\/index.php?rest_route=\/wp\/v2\/product\/25756","targetHints":{"allow":["GET"]}}],"collection":[{"href":"https:\/\/shop.mittgard.de\/index.php?rest_route=\/wp\/v2\/product"}],"about":[{"href":"https:\/\/shop.mittgard.de\/index.php?rest_route=\/wp\/v2\/types\/product"}],"wp:featuredmedia":[{"embeddable":true,"href":"https:\/\/shop.mittgard.de\/index.php?rest_route=\/wp\/v2\/media\/25757"}],"wp:attachment":[{"href":"https:\/\/shop.mittgard.de\/index.php?rest_route=%2Fwp%2Fv2%2Fmedia&parent=25756"}],"wp:term":[{"taxonomy":"product_brand","embeddable":true,"href":"https:\/\/shop.mittgard.de\/index.php?rest_route=%2Fwp%2Fv2%2Fproduct_brand&post=25756"},{"taxonomy":"product_cat","embeddable":true,"href":"https:\/\/shop.mittgard.de\/index.php?rest_route=%2Fwp%2Fv2%2Fproduct_cat&post=25756"},{"taxonomy":"product_tag","embeddable":true,"href":"https:\/\/shop.mittgard.de\/index.php?rest_route=%2Fwp%2Fv2%2Fproduct_tag&post=25756"}],"curies":[{"name":"wp","href":"https:\/\/api.w.org\/{rel}","templated":true}]}}