{"id":25764,"date":"2025-07-17T14:03:52","date_gmt":"2025-07-17T12:03:52","guid":{"rendered":"https:\/\/shop.mittgard.de\/?post_type=product&#038;p=25764"},"modified":"2026-04-22T09:40:40","modified_gmt":"2026-04-22T07:40:40","slug":"wolf-kirsten-24-stunden-im-leben-der-wikinger","status":"publish","type":"product","link":"https:\/\/shop.mittgard.de\/?product=wolf-kirsten-24-stunden-im-leben-der-wikinger","title":{"rendered":"Wolf, Kirsten &#8222;24 Stunden im Leben der Wikinger&#8220;"},"content":{"rendered":"<p>der faszinierende Alltag im Jahr 1030 n. Chr.<\/p>\n<p>Ein Bauer, der einmal zuviel auf Wikingerfahrt auszieht, eine Sklavin, die eigentlich eine K\u00f6nigstochter ist, ein B\u00e4cker in Haithabu, einem der gr\u00f6\u00dften Handelspl\u00e4tze der Wikingerzeit, der friedlich seinem Gesch\u00e4ft nachgeht, eine Tochter, die ihrem Vater mit einer List das Leben rettet &#8211; 24 Stunden, 24 Menschen aus allen Bereichen der wikingerzeitlichen Gesellschaft, vom Krieger bis zum Leibeigenen, vom Schiffbauer bis zum Dichter. Auf der Grundlage mittelalterlicher Literatur und arch\u00e4ologischer Funde erz\u00e4hlt die Autorin anschaulich und lebendig von der mythengepr\u00e4gten Kultur und Tradition der nordischen V\u00f6lker w\u00e4hrend dieser entscheidenden Epoche der Geschichte.<\/p>\n<p>Taschenbuch, 316 Seiten<\/p>\n","protected":false},"excerpt":{"rendered":"<p>TB<\/p>\n","protected":false},"featured_media":25766,"template":"","meta":[],"product_brand":[],"product_cat":[193,192,185],"product_tag":[342,735,1990,1991,311],"class_list":{"0":"post-25764","1":"product","2":"type-product","3":"status-publish","4":"has-post-thumbnail","6":"product_cat-germanen","7":"product_cat-geschichte","8":"product_cat-literatur","9":"product_tag-alltag","10":"product_tag-haithabu","11":"product_tag-island-sagas","12":"product_tag-viking","13":"product_tag-wikinger","14":"product_shipping_class-paket","16":"first","17":"instock","18":"taxable","19":"shipping-taxable","20":"purchasable","21":"product-type-simple"},"_links":{"self":[{"href":"https:\/\/shop.mittgard.de\/index.php?rest_route=\/wp\/v2\/product\/25764","targetHints":{"allow":["GET"]}}],"collection":[{"href":"https:\/\/shop.mittgard.de\/index.php?rest_route=\/wp\/v2\/product"}],"about":[{"href":"https:\/\/shop.mittgard.de\/index.php?rest_route=\/wp\/v2\/types\/product"}],"wp:featuredmedia":[{"embeddable":true,"href":"https:\/\/shop.mittgard.de\/index.php?rest_route=\/wp\/v2\/media\/25766"}],"wp:attachment":[{"href":"https:\/\/shop.mittgard.de\/index.php?rest_route=%2Fwp%2Fv2%2Fmedia&parent=25764"}],"wp:term":[{"taxonomy":"product_brand","embeddable":true,"href":"https:\/\/shop.mittgard.de\/index.php?rest_route=%2Fwp%2Fv2%2Fproduct_brand&post=25764"},{"taxonomy":"product_cat","embeddable":true,"href":"https:\/\/shop.mittgard.de\/index.php?rest_route=%2Fwp%2Fv2%2Fproduct_cat&post=25764"},{"taxonomy":"product_tag","embeddable":true,"href":"https:\/\/shop.mittgard.de\/index.php?rest_route=%2Fwp%2Fv2%2Fproduct_tag&post=25764"}],"curies":[{"name":"wp","href":"https:\/\/api.w.org\/{rel}","templated":true}]}}