{"id":25868,"date":"2025-08-19T18:02:40","date_gmt":"2025-08-19T16:02:40","guid":{"rendered":"https:\/\/shop.mittgard.de\/?post_type=product&#038;p=25868"},"modified":"2025-08-19T18:07:01","modified_gmt":"2025-08-19T16:07:01","slug":"armband-11","status":"publish","type":"product","link":"https:\/\/shop.mittgard.de\/?product=armband-11","title":{"rendered":"Armband 11"},"content":{"rendered":"<p>Armband aus Orangencalcit und kleinen klaren Glasperlen, aufgef\u00e4delt auf Perlonschnur<\/p>\n<p>Orangencalcit ist ein Heilstein, der f\u00fcr Wohlbefinden sorgt und die Person mit Optimismus und Kreativit\u00e4t aufl\u00e4dt.<\/p>\n<p>Innenumfang 20 cm<\/p>\n","protected":false},"excerpt":{"rendered":"<p>Armband aus Orangencalcit und kleinen klaren Glasperlen, aufgef\u00e4delt auf Perlonschnur Orangencalcit ist ein Heilstein, der f\u00fcr Wohlbefinden sorgt und die Person mit Optimismus und Kreativit\u00e4t aufl\u00e4dt. Innenumfang 20 cm<\/p>\n","protected":false},"featured_media":25870,"template":"","meta":[],"product_brand":[],"product_cat":[457,455],"product_tag":[1998,2001,2000,1996,1997,2002,2003,1999],"class_list":{"0":"post-25868","1":"product","2":"type-product","3":"status-publish","4":"has-post-thumbnail","6":"product_cat-einzelstuecke","7":"product_cat-schmuck","8":"product_tag-emotionen","9":"product_tag-enthusiasmus","10":"product_tag-gute-laune","11":"product_tag-halbedelstein","12":"product_tag-heilstein","13":"product_tag-kreativitaet","14":"product_tag-optimismus","15":"product_tag-orangencalcit","16":"product_shipping_class-brief","18":"first","19":"instock","20":"sold-individually","21":"taxable","22":"shipping-taxable","23":"purchasable","24":"product-type-simple"},"_links":{"self":[{"href":"https:\/\/shop.mittgard.de\/index.php?rest_route=\/wp\/v2\/product\/25868","targetHints":{"allow":["GET"]}}],"collection":[{"href":"https:\/\/shop.mittgard.de\/index.php?rest_route=\/wp\/v2\/product"}],"about":[{"href":"https:\/\/shop.mittgard.de\/index.php?rest_route=\/wp\/v2\/types\/product"}],"wp:featuredmedia":[{"embeddable":true,"href":"https:\/\/shop.mittgard.de\/index.php?rest_route=\/wp\/v2\/media\/25870"}],"wp:attachment":[{"href":"https:\/\/shop.mittgard.de\/index.php?rest_route=%2Fwp%2Fv2%2Fmedia&parent=25868"}],"wp:term":[{"taxonomy":"product_brand","embeddable":true,"href":"https:\/\/shop.mittgard.de\/index.php?rest_route=%2Fwp%2Fv2%2Fproduct_brand&post=25868"},{"taxonomy":"product_cat","embeddable":true,"href":"https:\/\/shop.mittgard.de\/index.php?rest_route=%2Fwp%2Fv2%2Fproduct_cat&post=25868"},{"taxonomy":"product_tag","embeddable":true,"href":"https:\/\/shop.mittgard.de\/index.php?rest_route=%2Fwp%2Fv2%2Fproduct_tag&post=25868"}],"curies":[{"name":"wp","href":"https:\/\/api.w.org\/{rel}","templated":true}]}}