{"id":2587,"date":"2018-06-22T15:39:56","date_gmt":"2018-06-22T13:39:56","guid":{"rendered":"http:\/\/shop.mittgard.de\/?product=import-placeholder-for-1490"},"modified":"2024-12-14T13:24:04","modified_gmt":"2024-12-14T12:24:04","slug":"elementenweihrauch-set-3","status":"publish","type":"product","link":"https:\/\/shop.mittgard.de\/?product=elementenweihrauch-set-3","title":{"rendered":"Elementenweihrauch-Set (4 x 50g)"},"content":{"rendered":"<p>alle 4 Elementenr\u00e4ucherungen zusammen f\u00fcr einen g\u00fcnstigeren Preis<\/p>\n<p>4 x 50g<\/p>\n","protected":false},"excerpt":{"rendered":"<p>alle 4 Elementenr\u00e4ucherungen zusammen f\u00fcr einen g\u00fcnstigeren Preis 4 x 50g<\/p>\n","protected":false},"featured_media":9611,"template":"","meta":[],"product_brand":[],"product_cat":[119,110],"product_tag":[],"class_list":{"0":"post-2587","1":"product","2":"type-product","3":"status-publish","4":"has-post-thumbnail","6":"product_cat-elementeweihrauch","7":"product_cat-raeucherwerk","8":"product_shipping_class-paket","10":"first","11":"instock","12":"taxable","13":"shipping-taxable","14":"purchasable","15":"product-type-simple"},"_links":{"self":[{"href":"https:\/\/shop.mittgard.de\/index.php?rest_route=\/wp\/v2\/product\/2587","targetHints":{"allow":["GET"]}}],"collection":[{"href":"https:\/\/shop.mittgard.de\/index.php?rest_route=\/wp\/v2\/product"}],"about":[{"href":"https:\/\/shop.mittgard.de\/index.php?rest_route=\/wp\/v2\/types\/product"}],"wp:featuredmedia":[{"embeddable":true,"href":"https:\/\/shop.mittgard.de\/index.php?rest_route=\/wp\/v2\/media\/9611"}],"wp:attachment":[{"href":"https:\/\/shop.mittgard.de\/index.php?rest_route=%2Fwp%2Fv2%2Fmedia&parent=2587"}],"wp:term":[{"taxonomy":"product_brand","embeddable":true,"href":"https:\/\/shop.mittgard.de\/index.php?rest_route=%2Fwp%2Fv2%2Fproduct_brand&post=2587"},{"taxonomy":"product_cat","embeddable":true,"href":"https:\/\/shop.mittgard.de\/index.php?rest_route=%2Fwp%2Fv2%2Fproduct_cat&post=2587"},{"taxonomy":"product_tag","embeddable":true,"href":"https:\/\/shop.mittgard.de\/index.php?rest_route=%2Fwp%2Fv2%2Fproduct_tag&post=2587"}],"curies":[{"name":"wp","href":"https:\/\/api.w.org\/{rel}","templated":true}]}}