{"id":25887,"date":"2025-08-22T20:02:25","date_gmt":"2025-08-22T18:02:25","guid":{"rendered":"https:\/\/shop.mittgard.de\/?post_type=product&#038;p=25887"},"modified":"2025-09-15T13:42:22","modified_gmt":"2025-09-15T11:42:22","slug":"fahrenkamp-wie-man-eyn-teutsches-mannsbild-bey-kraefften-haelt","status":"publish","type":"product","link":"https:\/\/shop.mittgard.de\/?product=fahrenkamp-wie-man-eyn-teutsches-mannsbild-bey-kraefften-haelt","title":{"rendered":"Fahrenkamp &#8222;Wie man eyn teutsches Mannsbild bey Kr\u00e4fften h\u00e4lt&#8220;"},"content":{"rendered":"<p>Mit \u00fcber 150 wiederentdeckten und ausprobierten Rezepten der K\u00fcchenmeister des Mittelalters<\/p>\n<p>Eine kulinarische Zeitreise<\/p>\n<p>Ja, so haben sie geschmaust, die alten Rittersleut auf ihren Burgen, die M\u00f6nche in ihren Kl\u00f6stern und die Bauern auf dem Lande. H.Juergen Fahrenkamp hat die Rezepte wiederentdeckt und ausprobiert.<\/p>\n<p>Mit dieser einzigartigen Sammlung nimmt er Sie mit auf eine kulinarische Zeitreise.<\/p>\n<p>Entdecken Sie Leckereien wie &#8222;Souppe a loignon&#8220;, das Urrezept der Zwiebelsuppe, die pure Fleischeslust mit &#8222;Spanferkelin mite semladorrtem&#8220;, Spanferkelkeule mit Semmeltorte, oder &#8222;Blamensir&#8220;, die legend\u00e4re Mandelmilchspeise. Alle Gerichte lassen sich leicht nachkochen.<\/p>\n<p>Erfreuen Sie sich an einer schier unersch\u00f6pflichen Quelle immer neuer Gen\u00fcsse aus vergangenen Tagen, die zum Schlemmen wie im Mittelalter einladen.<\/p>\n<p>Gebundene Ausgabe, 160 Seiten<\/p>\n","protected":false},"excerpt":{"rendered":"<p>Geb<\/p>\n","protected":false},"featured_media":25888,"template":"","meta":[],"product_brand":[],"product_cat":[185,206],"product_tag":[398,241,236,406],"class_list":{"0":"post-25887","1":"product","2":"type-product","3":"status-publish","4":"has-post-thumbnail","6":"product_cat-literatur","7":"product_cat-naturkost","8":"product_tag-kochen","9":"product_tag-kueche","10":"product_tag-mittelalter","11":"product_tag-rezepte","12":"product_shipping_class-paket","14":"first","15":"onbackorder","16":"taxable","17":"shipping-taxable","18":"purchasable","19":"product-type-simple"},"_links":{"self":[{"href":"https:\/\/shop.mittgard.de\/index.php?rest_route=\/wp\/v2\/product\/25887","targetHints":{"allow":["GET"]}}],"collection":[{"href":"https:\/\/shop.mittgard.de\/index.php?rest_route=\/wp\/v2\/product"}],"about":[{"href":"https:\/\/shop.mittgard.de\/index.php?rest_route=\/wp\/v2\/types\/product"}],"wp:featuredmedia":[{"embeddable":true,"href":"https:\/\/shop.mittgard.de\/index.php?rest_route=\/wp\/v2\/media\/25888"}],"wp:attachment":[{"href":"https:\/\/shop.mittgard.de\/index.php?rest_route=%2Fwp%2Fv2%2Fmedia&parent=25887"}],"wp:term":[{"taxonomy":"product_brand","embeddable":true,"href":"https:\/\/shop.mittgard.de\/index.php?rest_route=%2Fwp%2Fv2%2Fproduct_brand&post=25887"},{"taxonomy":"product_cat","embeddable":true,"href":"https:\/\/shop.mittgard.de\/index.php?rest_route=%2Fwp%2Fv2%2Fproduct_cat&post=25887"},{"taxonomy":"product_tag","embeddable":true,"href":"https:\/\/shop.mittgard.de\/index.php?rest_route=%2Fwp%2Fv2%2Fproduct_tag&post=25887"}],"curies":[{"name":"wp","href":"https:\/\/api.w.org\/{rel}","templated":true}]}}