{"id":25902,"date":"2025-08-22T20:38:16","date_gmt":"2025-08-22T18:38:16","guid":{"rendered":"https:\/\/shop.mittgard.de\/?post_type=product&#038;p=25902"},"modified":"2025-08-22T20:39:44","modified_gmt":"2025-08-22T18:39:44","slug":"schira-sarah-wichtel-aus-dem-weihnachtswunderwald","status":"publish","type":"product","link":"https:\/\/shop.mittgard.de\/?product=schira-sarah-wichtel-aus-dem-weihnachtswunderwald","title":{"rendered":"Schira, Sarah &#8222;Wichtel aus dem Weihnachts-Wunderwald&#8220;"},"content":{"rendered":"<p>Bezaubernde Freunde zum Stricken<\/p>\n<p>Allerliebste Begleiter<\/p>\n<p>Die Wichtelfreunde sind eine niedliche Winter- und Advents-Deko sowie tolle Geschenke. Sarah Schira zeigt Ihnen, wie Sie acht Wichtel in zwei verschiedenen Gr\u00f6\u00dfen stricken k\u00f6nnen &#8211; einfarbig, gestreift oder geringelt, mit Norweger- oder Zopfmuster. Ob nun versierte Strickerin oder neugieriger Anf\u00e4nger, hier wird Ihnen jeder Wichtel mit einfachen Anleitungen und Schritt-f\u00fcr-Schritt-Abbildungen erkl\u00e4rt. Dazu gibt Ihnen die Autorin wertvolle Ratschl\u00e4ge rund um Materialien und Stricktechniken.<\/p>\n<p>Broschiert, 96 Seiten<\/p>\n","protected":false},"excerpt":{"rendered":"<p>Br<\/p>\n","protected":false},"featured_media":25903,"template":"","meta":[],"product_brand":[],"product_cat":[188,185],"product_tag":[1983,282,2006,280,1141],"class_list":{"0":"post-25902","1":"product","2":"type-product","3":"status-publish","4":"has-post-thumbnail","6":"product_cat-altes-handwerk","7":"product_cat-literatur","8":"product_tag-handarbeiten","9":"product_tag-stricken","10":"product_tag-wichtel-weihnachten","11":"product_tag-wolle","12":"product_tag-zwerge","13":"product_shipping_class-paket","15":"first","16":"instock","17":"taxable","18":"shipping-taxable","19":"purchasable","20":"product-type-simple"},"_links":{"self":[{"href":"https:\/\/shop.mittgard.de\/index.php?rest_route=\/wp\/v2\/product\/25902","targetHints":{"allow":["GET"]}}],"collection":[{"href":"https:\/\/shop.mittgard.de\/index.php?rest_route=\/wp\/v2\/product"}],"about":[{"href":"https:\/\/shop.mittgard.de\/index.php?rest_route=\/wp\/v2\/types\/product"}],"wp:featuredmedia":[{"embeddable":true,"href":"https:\/\/shop.mittgard.de\/index.php?rest_route=\/wp\/v2\/media\/25903"}],"wp:attachment":[{"href":"https:\/\/shop.mittgard.de\/index.php?rest_route=%2Fwp%2Fv2%2Fmedia&parent=25902"}],"wp:term":[{"taxonomy":"product_brand","embeddable":true,"href":"https:\/\/shop.mittgard.de\/index.php?rest_route=%2Fwp%2Fv2%2Fproduct_brand&post=25902"},{"taxonomy":"product_cat","embeddable":true,"href":"https:\/\/shop.mittgard.de\/index.php?rest_route=%2Fwp%2Fv2%2Fproduct_cat&post=25902"},{"taxonomy":"product_tag","embeddable":true,"href":"https:\/\/shop.mittgard.de\/index.php?rest_route=%2Fwp%2Fv2%2Fproduct_tag&post=25902"}],"curies":[{"name":"wp","href":"https:\/\/api.w.org\/{rel}","templated":true}]}}