{"id":25909,"date":"2025-08-22T20:55:52","date_gmt":"2025-08-22T18:55:52","guid":{"rendered":"https:\/\/shop.mittgard.de\/?post_type=product&#038;p=25909"},"modified":"2026-01-17T10:28:00","modified_gmt":"2026-01-17T09:28:00","slug":"haerkoetter-heimische-giftpflanzen","status":"publish","type":"product","link":"https:\/\/shop.mittgard.de\/?product=haerkoetter-heimische-giftpflanzen","title":{"rendered":"Haerk\u00f6tter &#8222;Heimische Giftpflanzen&#8220;"},"content":{"rendered":"<p>Beschreibung, Wirkung und Geschichten<\/p>\n<p>Ob W\u00fcterich, Hexenmilch oder Schwarzer Nachtschatten &#8211; so manches Gew\u00e4chs l\u00e4sst schon beim Namen aufhorchen und Vorsicht walten. Gerd und Marlene Haerk\u00f6tter haben die heimischen Giftpflanzen unter die Lupe genommen und verraten in \u00fcber 60 ausf\u00fchrlichen Portr\u00e4ts alles \u00fcber Vorkommen, Aussehen, toxische Wirkung, ihre Anwendung in der Heilkunde und &#8211; f\u00fcr en Fall der F\u00e4lle &#8211; Erste-Hilfe-Ma\u00dfnahmen. Zahlreiche schaurig-sch\u00f6ne Geschichten und viel Geschichtliches \u00fcber heimt\u00fcckische Giftmischer, verschrobene Zauberer und wohlwollende Heiler runden diesen informativen wie unterhaltsamen F\u00fchrer durch die heimische Giftpflanzenflora ab. Mit zahlreichen s\/w-Illustrationen aus alten Heilpflanzenb\u00fcchern.<\/p>\n<p>Taschenbuch, 352 Seiten<\/p>\n","protected":false},"excerpt":{"rendered":"<p>TB<\/p>\n","protected":false},"featured_media":25910,"template":"","meta":[],"product_brand":[],"product_cat":[185,201],"product_tag":[1359,1960,2008],"class_list":{"0":"post-25909","1":"product","2":"type-product","3":"status-publish","4":"has-post-thumbnail","6":"product_cat-literatur","7":"product_cat-naturheilkunde-kraeuterwissen","8":"product_tag-drogen","9":"product_tag-giftpflanzen","10":"product_tag-hexerei","11":"product_shipping_class-paket","13":"first","14":"onbackorder","15":"taxable","16":"shipping-taxable","17":"purchasable","18":"product-type-simple"},"_links":{"self":[{"href":"https:\/\/shop.mittgard.de\/index.php?rest_route=\/wp\/v2\/product\/25909","targetHints":{"allow":["GET"]}}],"collection":[{"href":"https:\/\/shop.mittgard.de\/index.php?rest_route=\/wp\/v2\/product"}],"about":[{"href":"https:\/\/shop.mittgard.de\/index.php?rest_route=\/wp\/v2\/types\/product"}],"wp:featuredmedia":[{"embeddable":true,"href":"https:\/\/shop.mittgard.de\/index.php?rest_route=\/wp\/v2\/media\/25910"}],"wp:attachment":[{"href":"https:\/\/shop.mittgard.de\/index.php?rest_route=%2Fwp%2Fv2%2Fmedia&parent=25909"}],"wp:term":[{"taxonomy":"product_brand","embeddable":true,"href":"https:\/\/shop.mittgard.de\/index.php?rest_route=%2Fwp%2Fv2%2Fproduct_brand&post=25909"},{"taxonomy":"product_cat","embeddable":true,"href":"https:\/\/shop.mittgard.de\/index.php?rest_route=%2Fwp%2Fv2%2Fproduct_cat&post=25909"},{"taxonomy":"product_tag","embeddable":true,"href":"https:\/\/shop.mittgard.de\/index.php?rest_route=%2Fwp%2Fv2%2Fproduct_tag&post=25909"}],"curies":[{"name":"wp","href":"https:\/\/api.w.org\/{rel}","templated":true}]}}