{"id":25948,"date":"2025-09-18T13:52:12","date_gmt":"2025-09-18T11:52:12","guid":{"rendered":"https:\/\/shop.mittgard.de\/?post_type=product&#038;p=25948"},"modified":"2025-09-18T13:52:43","modified_gmt":"2025-09-18T11:52:43","slug":"adam-die-einfachen-handwerksmaessigen-buchbinderarbeiten","status":"publish","type":"product","link":"https:\/\/shop.mittgard.de\/?product=adam-die-einfachen-handwerksmaessigen-buchbinderarbeiten","title":{"rendered":"Adam &#8222;Die einfachen handwerksm\u00e4\u00dfigen Buchbinderarbeiten&#8220;"},"content":{"rendered":"<p>Die klassischen buchbinderischen Techniken wurden \u00fcber die Jahrhunderte entwickelt und haben bis heute ihre G\u00fcltigkeit bewahrt.<\/p>\n<p>Vorliegendes Buch des bekannten Buchbinders Paul Adam zeigt die grundlegenden Arbeiten f\u00fcr die Anfertigung von gebundenen B\u00fcchern mit ansprechenden Einb\u00e4nden.<\/p>\n<p>Der Autor zeigt traditionelle Arbeiten die ohne die Zuhilfenahme von Maschinen ausgef\u00fchrt werden k\u00f6nnen.<\/p>\n<p>Inhalt:<\/p>\n<ul>\n<li>Von den Rohmaterialien<\/li>\n<li>Von den Werkzeugen<\/li>\n<li>Die wesentlichsten Einb\u00e4nde<\/li>\n<li>Das Vorrichten der B\u00fccher<\/li>\n<li>Das Heften und die Vorarbeiten dazu<\/li>\n<li>Das Beschneiden<\/li>\n<li>Sprengen, F\u00e4rben und sonstiges Verzieren der Schnitte<\/li>\n<li>Deckemachen und Einh\u00e4ngen<\/li>\n<li>Das Ansetzen der B\u00fccher<\/li>\n<li>Der Halbleder- und Ledereinband<\/li>\n<li>Die Verzierungsm\u00f6glichkeiten<\/li>\n<li>Sonstige Klebearbeiten des Buchbinders<\/li>\n<li>Plakate, Mappen, Taschen<\/li>\n<li>Einklebealbum und Kartonnagen<\/li>\n<\/ul>\n<p>Weicheinband, 120 S., 15&#215;21\u00a0 cm, zahlreiche Abbildungen, modernes Schriftbild, Nachdruck der 2. erweiterten Auflage 1928, Neuware.<\/p>\n<p>Selbstverst\u00e4ndlich wurde dieses Buch ebenfalls von Hand und ohne die Nutzung elektrischer Maschinen hergestellt.<\/p>\n","protected":false},"excerpt":{"rendered":"<p>Br<\/p>\n","protected":false},"featured_media":25949,"template":"","meta":[],"product_brand":[],"product_cat":[188,185],"product_tag":[2012,2009,2010,2011],"class_list":{"0":"post-25948","1":"product","2":"type-product","3":"status-publish","4":"has-post-thumbnail","6":"product_cat-altes-handwerk","7":"product_cat-literatur","8":"product_tag-altes-handwerk","9":"product_tag-buchbinder","10":"product_tag-buchherstellung","11":"product_tag-papierverarbeitung","12":"product_shipping_class-brief","14":"first","15":"instock","16":"taxable","17":"shipping-taxable","18":"purchasable","19":"product-type-simple"},"_links":{"self":[{"href":"https:\/\/shop.mittgard.de\/index.php?rest_route=\/wp\/v2\/product\/25948","targetHints":{"allow":["GET"]}}],"collection":[{"href":"https:\/\/shop.mittgard.de\/index.php?rest_route=\/wp\/v2\/product"}],"about":[{"href":"https:\/\/shop.mittgard.de\/index.php?rest_route=\/wp\/v2\/types\/product"}],"wp:featuredmedia":[{"embeddable":true,"href":"https:\/\/shop.mittgard.de\/index.php?rest_route=\/wp\/v2\/media\/25949"}],"wp:attachment":[{"href":"https:\/\/shop.mittgard.de\/index.php?rest_route=%2Fwp%2Fv2%2Fmedia&parent=25948"}],"wp:term":[{"taxonomy":"product_brand","embeddable":true,"href":"https:\/\/shop.mittgard.de\/index.php?rest_route=%2Fwp%2Fv2%2Fproduct_brand&post=25948"},{"taxonomy":"product_cat","embeddable":true,"href":"https:\/\/shop.mittgard.de\/index.php?rest_route=%2Fwp%2Fv2%2Fproduct_cat&post=25948"},{"taxonomy":"product_tag","embeddable":true,"href":"https:\/\/shop.mittgard.de\/index.php?rest_route=%2Fwp%2Fv2%2Fproduct_tag&post=25948"}],"curies":[{"name":"wp","href":"https:\/\/api.w.org\/{rel}","templated":true}]}}