{"id":25953,"date":"2025-09-18T14:00:31","date_gmt":"2025-09-18T12:00:31","guid":{"rendered":"https:\/\/shop.mittgard.de\/?post_type=product&#038;p=25953"},"modified":"2025-09-18T14:00:59","modified_gmt":"2025-09-18T12:00:59","slug":"neumueller-einfach-weben","status":"publish","type":"product","link":"https:\/\/shop.mittgard.de\/?product=neumueller-einfach-weben","title":{"rendered":"Neum\u00fcller &#8222;einfach weben&#8220;"},"content":{"rendered":"<p>Prokjekte ohne Webstuhl und Rahmen<\/p>\n<p>Ob gemusterte B\u00e4nder, Stiftem\u00e4ppchen, K\u00fcchenhandt\u00fccher oder auch Laptop-H\u00fclle, viele sch\u00f6ne Objekte k\u00f6nnen Sie auch ohne raumf\u00fcllende Webst\u00fchle oder klassische Webrahmen anfertigen.<\/p>\n<p>Kerstin Neum\u00fcller erl\u00e4utert in diesem Buch alle notwendigen Grundlagen und Techniken und zeigt, wie sie einfache Werkzeuge einsetzt, die oft sogar in die Hosentasche passen! Neben zahlreichen Projekten finden Sie auch Anleitungen dazu, wie Sie die ben\u00f6tigten Werkzeuge selbst herstellen k\u00f6nnen.<\/p>\n<p>Wer gerne flexibel und mit unkompliziertem Werkzeug weben m\u00f6chte, findet hier eine F\u00fclle von Inspirationen.<\/p>\n<p>Broschierte Ausgabe, 128 Seiten<\/p>\n","protected":false},"excerpt":{"rendered":"<p>Br<\/p>\n","protected":false},"featured_media":25954,"template":"","meta":[],"product_brand":[],"product_cat":[188,185],"product_tag":[950,2013,281],"class_list":{"0":"post-25953","1":"product","2":"type-product","3":"status-publish","4":"has-post-thumbnail","6":"product_cat-altes-handwerk","7":"product_cat-literatur","8":"product_tag-baender","9":"product_tag-textilarbeiten","10":"product_tag-weben","11":"product_shipping_class-paket","13":"first","14":"instock","15":"taxable","16":"shipping-taxable","17":"purchasable","18":"product-type-simple"},"_links":{"self":[{"href":"https:\/\/shop.mittgard.de\/index.php?rest_route=\/wp\/v2\/product\/25953","targetHints":{"allow":["GET"]}}],"collection":[{"href":"https:\/\/shop.mittgard.de\/index.php?rest_route=\/wp\/v2\/product"}],"about":[{"href":"https:\/\/shop.mittgard.de\/index.php?rest_route=\/wp\/v2\/types\/product"}],"wp:featuredmedia":[{"embeddable":true,"href":"https:\/\/shop.mittgard.de\/index.php?rest_route=\/wp\/v2\/media\/25954"}],"wp:attachment":[{"href":"https:\/\/shop.mittgard.de\/index.php?rest_route=%2Fwp%2Fv2%2Fmedia&parent=25953"}],"wp:term":[{"taxonomy":"product_brand","embeddable":true,"href":"https:\/\/shop.mittgard.de\/index.php?rest_route=%2Fwp%2Fv2%2Fproduct_brand&post=25953"},{"taxonomy":"product_cat","embeddable":true,"href":"https:\/\/shop.mittgard.de\/index.php?rest_route=%2Fwp%2Fv2%2Fproduct_cat&post=25953"},{"taxonomy":"product_tag","embeddable":true,"href":"https:\/\/shop.mittgard.de\/index.php?rest_route=%2Fwp%2Fv2%2Fproduct_tag&post=25953"}],"curies":[{"name":"wp","href":"https:\/\/api.w.org\/{rel}","templated":true}]}}