{"id":26073,"date":"2025-10-02T10:36:04","date_gmt":"2025-10-02T08:36:04","guid":{"rendered":"https:\/\/shop.mittgard.de\/?post_type=product&#038;p=26073"},"modified":"2025-10-06T12:58:14","modified_gmt":"2025-10-06T10:58:14","slug":"walmsley-westall-wald-dein-groesstes-abenteuer","status":"publish","type":"product","link":"https:\/\/shop.mittgard.de\/?product=walmsley-westall-wald-dein-groesstes-abenteuer","title":{"rendered":"Walmsley\/Westall &#8222;Wald &#8211; dein gr\u00f6\u00dftes Abenteuer&#8220;"},"content":{"rendered":"<p>Das ultimative Outdoor-Erlebnisbuch<\/p>\n<p>Von Bushcraft-Grundlagen \u00fcber Skills aus der Steinzeit bis hin zu lustigen Spielen in der Natur: Kleine Kinder tauchen in fantasievolle, kreative und geschlicklichkeitsf\u00f6rdernde Spiele ein, w\u00e4hrend \u00e4ltere Kinder an komplexeren Aktivit\u00e4ten wie dem Steinwerkzeugbau und der Wasserversorgung arbeiten k\u00f6nnen. Ob mit Sch\u00fclern, einer Gruppe von Freunden oder bei einem Familienausflug &#8211; mit diesem Buch bringen Sie Kindern den Wald mit all seinen magischen M\u00f6glichkeiten spielend n\u00e4her.<\/p>\n<p>Broschierte Ausgabe, 176 Seiten<\/p>\n","protected":false},"excerpt":{"rendered":"<p>Br<\/p>\n","protected":false},"featured_media":26074,"template":"","meta":[],"product_brand":[],"product_cat":[186,197,185],"product_tag":[252,1031,2016,1950,244,447],"class_list":{"0":"post-26073","1":"product","2":"type-product","3":"status-publish","4":"has-post-thumbnail","6":"product_cat-alternativ-leben","7":"product_cat-kinderbuecher","8":"product_cat-literatur","9":"product_tag-kinder","10":"product_tag-outdoor","11":"product_tag-selbstversorgung","12":"product_tag-spielen","13":"product_tag-survival","14":"product_tag-wald","15":"product_shipping_class-paket","17":"first","18":"onbackorder","19":"taxable","20":"shipping-taxable","21":"purchasable","22":"product-type-simple"},"_links":{"self":[{"href":"https:\/\/shop.mittgard.de\/index.php?rest_route=\/wp\/v2\/product\/26073","targetHints":{"allow":["GET"]}}],"collection":[{"href":"https:\/\/shop.mittgard.de\/index.php?rest_route=\/wp\/v2\/product"}],"about":[{"href":"https:\/\/shop.mittgard.de\/index.php?rest_route=\/wp\/v2\/types\/product"}],"wp:featuredmedia":[{"embeddable":true,"href":"https:\/\/shop.mittgard.de\/index.php?rest_route=\/wp\/v2\/media\/26074"}],"wp:attachment":[{"href":"https:\/\/shop.mittgard.de\/index.php?rest_route=%2Fwp%2Fv2%2Fmedia&parent=26073"}],"wp:term":[{"taxonomy":"product_brand","embeddable":true,"href":"https:\/\/shop.mittgard.de\/index.php?rest_route=%2Fwp%2Fv2%2Fproduct_brand&post=26073"},{"taxonomy":"product_cat","embeddable":true,"href":"https:\/\/shop.mittgard.de\/index.php?rest_route=%2Fwp%2Fv2%2Fproduct_cat&post=26073"},{"taxonomy":"product_tag","embeddable":true,"href":"https:\/\/shop.mittgard.de\/index.php?rest_route=%2Fwp%2Fv2%2Fproduct_tag&post=26073"}],"curies":[{"name":"wp","href":"https:\/\/api.w.org\/{rel}","templated":true}]}}