{"id":26089,"date":"2025-10-02T10:58:54","date_gmt":"2025-10-02T08:58:54","guid":{"rendered":"https:\/\/shop.mittgard.de\/?post_type=product&#038;p=26089"},"modified":"2025-10-02T10:59:05","modified_gmt":"2025-10-02T08:59:05","slug":"parsons-leder-brennen","status":"publish","type":"product","link":"https:\/\/shop.mittgard.de\/?product=parsons-leder-brennen","title":{"rendered":"Parsons &#8222;Leder brennen&#8220;"},"content":{"rendered":"<p>Dekorative Lederbrandmalerei f\u00fcr Einsteiger und Profis<\/p>\n<p>Lederbrennen leicht gemacht! Inklusive vieler Vorlagenb\u00f6den!<\/p>\n<p>Pyrografie oder auch Brandmalerei ist die dekorative Verzierung von Leder. Michele Y. Parsons ist ausgebildete K\u00fcnstlerin und eine Virtuosin am Brennkolben. In ihrem Buch bringt sie Einsteigern alle wichtigen Grundlagen zum Thema Lederbrandmalerei, und Profis weiterf\u00fchrende Tricks und Kniffe bei. Ausf\u00fchrlich werden das Equipment erl\u00e4utert, Techniken erkl\u00e4rt, die Nutzung von Farben behandelt und Projekte verschiedener Schwierigkeitsstufen vorgestellt. Ein Hobby der besonderen Art, mit garantiertem Wow-Effekt.<\/p>\n<p>Erfahren Sie alles, was Sie \u00fcber der Lederbrandmalerei wissen m\u00fcssen:<\/p>\n<ul>\n<li>welche Ausr\u00fcstung wird ben\u00f6tigt?<\/li>\n<li>Welchen Brenner nutzt man f\u00fcr welche Schattierung?<\/li>\n<li>6 kreative Projekte in verschiedenen Schwierigkeitsgraden<\/li>\n<\/ul>\n<p>Broschierte Ausgabe, 160 Seiten<\/p>\n<p>&nbsp;<\/p>\n","protected":false},"excerpt":{"rendered":"<p>Br<\/p>\n","protected":false},"featured_media":26090,"template":"","meta":[],"product_brand":[],"product_cat":[188],"product_tag":[2021,288,2018,2019,2020],"class_list":{"0":"post-26089","1":"product","2":"type-product","3":"status-publish","4":"has-post-thumbnail","6":"product_cat-altes-handwerk","7":"product_tag-brandmalerei","8":"product_tag-leder","9":"product_tag-lederbearbeitung","10":"product_tag-lederbrennen","11":"product_tag-pyrografie","13":"first","14":"instock","15":"taxable","16":"shipping-taxable","17":"purchasable","18":"product-type-simple"},"_links":{"self":[{"href":"https:\/\/shop.mittgard.de\/index.php?rest_route=\/wp\/v2\/product\/26089","targetHints":{"allow":["GET"]}}],"collection":[{"href":"https:\/\/shop.mittgard.de\/index.php?rest_route=\/wp\/v2\/product"}],"about":[{"href":"https:\/\/shop.mittgard.de\/index.php?rest_route=\/wp\/v2\/types\/product"}],"wp:featuredmedia":[{"embeddable":true,"href":"https:\/\/shop.mittgard.de\/index.php?rest_route=\/wp\/v2\/media\/26090"}],"wp:attachment":[{"href":"https:\/\/shop.mittgard.de\/index.php?rest_route=%2Fwp%2Fv2%2Fmedia&parent=26089"}],"wp:term":[{"taxonomy":"product_brand","embeddable":true,"href":"https:\/\/shop.mittgard.de\/index.php?rest_route=%2Fwp%2Fv2%2Fproduct_brand&post=26089"},{"taxonomy":"product_cat","embeddable":true,"href":"https:\/\/shop.mittgard.de\/index.php?rest_route=%2Fwp%2Fv2%2Fproduct_cat&post=26089"},{"taxonomy":"product_tag","embeddable":true,"href":"https:\/\/shop.mittgard.de\/index.php?rest_route=%2Fwp%2Fv2%2Fproduct_tag&post=26089"}],"curies":[{"name":"wp","href":"https:\/\/api.w.org\/{rel}","templated":true}]}}