{"id":26094,"date":"2025-10-02T11:05:48","date_gmt":"2025-10-02T09:05:48","guid":{"rendered":"https:\/\/shop.mittgard.de\/?post_type=product&#038;p=26094"},"modified":"2026-02-23T10:00:06","modified_gmt":"2026-02-23T09:00:06","slug":"gallagher-das-grosse-buch-der-zaubersprueche","status":"publish","type":"product","link":"https:\/\/shop.mittgard.de\/?product=gallagher-das-grosse-buch-der-zaubersprueche","title":{"rendered":"Gallagher &#8222;Das gro\u00dfe Buch der Zauberspr\u00fcche&#8220;"},"content":{"rendered":"<p>\u00dcber 150 erfolgreiche Spr\u00fcche und Rituale<\/p>\n<p>Das gro\u00dfe Buch der Zauberspr\u00fcche ist das ultimative Hexen-Handbuch mit \u00fcber 150 Zauberspr\u00fcchen und Ritualen, die Ihnen dabei helfen, Ihr Leben erfolgreich zu gestalten. Nutzen Sie diese Kraft der wei\u00dfen Magie, um Ihr Gl\u00fcck zu lenken, Ihre Gesundheit zu sch\u00fctzen, Ihre Karriere zu planen, die Familiensituation zu verbessern oder einfach nur, um die Liebe des Lebens zu finden. Durch leicht nachzuvollziehende Zauberspr\u00fcche mit Schritt-f\u00fcr-Schritt-Anleitungen und mit interessanten Hintergr\u00fcnden zu de einzelnen Ritualen k\u00f6nnen Sie die faszinierende Welt der wei\u00dfen Magie in all ihrer Vielfalt erleben.<\/p>\n<p>Liebevoll bebildert und kompetent verfasst von der englischen Hexe Ann-Marie Gallagher, die als Historikerin an der Central Lancashire Universit\u00e4t unterrichtet und zahlreiche erfolgreiche B\u00fccher \u00fcber Zauberei, Hexen und Esoterik geschrieben hat.<\/p>\n<p>Broschierte Ausgabe, 400 Seiten<\/p>\n","protected":false},"excerpt":{"rendered":"<p>Br<\/p>\n","protected":false},"featured_media":26095,"template":"","meta":[],"product_brand":[],"product_cat":[195,185,198],"product_tag":[320,376,382,176,2022],"class_list":{"0":"post-26094","1":"product","2":"type-product","3":"status-publish","4":"has-post-thumbnail","6":"product_cat-hexentum-schamanismus","7":"product_cat-literatur","8":"product_cat-magie","9":"product_tag-hexen","10":"product_tag-magie","11":"product_tag-rituale","12":"product_tag-weisse-magie","13":"product_tag-zaubersprueche","14":"product_shipping_class-paket","16":"first","17":"onbackorder","18":"taxable","19":"shipping-taxable","20":"purchasable","21":"product-type-simple"},"_links":{"self":[{"href":"https:\/\/shop.mittgard.de\/index.php?rest_route=\/wp\/v2\/product\/26094","targetHints":{"allow":["GET"]}}],"collection":[{"href":"https:\/\/shop.mittgard.de\/index.php?rest_route=\/wp\/v2\/product"}],"about":[{"href":"https:\/\/shop.mittgard.de\/index.php?rest_route=\/wp\/v2\/types\/product"}],"wp:featuredmedia":[{"embeddable":true,"href":"https:\/\/shop.mittgard.de\/index.php?rest_route=\/wp\/v2\/media\/26095"}],"wp:attachment":[{"href":"https:\/\/shop.mittgard.de\/index.php?rest_route=%2Fwp%2Fv2%2Fmedia&parent=26094"}],"wp:term":[{"taxonomy":"product_brand","embeddable":true,"href":"https:\/\/shop.mittgard.de\/index.php?rest_route=%2Fwp%2Fv2%2Fproduct_brand&post=26094"},{"taxonomy":"product_cat","embeddable":true,"href":"https:\/\/shop.mittgard.de\/index.php?rest_route=%2Fwp%2Fv2%2Fproduct_cat&post=26094"},{"taxonomy":"product_tag","embeddable":true,"href":"https:\/\/shop.mittgard.de\/index.php?rest_route=%2Fwp%2Fv2%2Fproduct_tag&post=26094"}],"curies":[{"name":"wp","href":"https:\/\/api.w.org\/{rel}","templated":true}]}}