{"id":26126,"date":"2025-10-06T14:39:20","date_gmt":"2025-10-06T12:39:20","guid":{"rendered":"https:\/\/shop.mittgard.de\/?post_type=product&#038;p=26126"},"modified":"2025-10-06T14:39:34","modified_gmt":"2025-10-06T12:39:34","slug":"hansen-asgard","status":"publish","type":"product","link":"https:\/\/shop.mittgard.de\/?product=hansen-asgard","title":{"rendered":"Hansen &#8222;Asgard&#8220;"},"content":{"rendered":"<p>Entdeckungsfahrt nach Island zu den Schaupl\u00e4tzen der Edda<\/p>\n<p>Mythos Edda &#8211; Island als B\u00fchne der G\u00f6tter<\/p>\n<p>Gibt es die Welt der germanischen G\u00f6tter wirklich? Ist Asgard mehr als ein mythologischer Ort? Diese faszinierende Spurensuche begeistert seit Jahrzehnten Leser weltweit.<\/p>\n<p>Der M\u00fcnchner Autor Walter Hansen machte sich mit Zelt und Gel\u00e4ndewagen auf den Weg durch Islands Vulkanlandschaften &#8211; und stie\u00df auf eine verbl\u00fcffende Erkenntnis: Die Schaupl\u00e4tze der Edda existieren tats\u00e4chlich in der Welt aus Feuer und Eis!<\/p>\n<p>Entdecken Sie:<\/p>\n<ul>\n<li>Asgard in den Hochlandw\u00fcsten<\/li>\n<li>Helheim, das Reich der Toten<\/li>\n<li>Riesenburgen in Lavaformationen<\/li>\n<li>Schlachtfelder der G\u00f6tterd\u00e4mmerung<\/li>\n<li>Die Br\u00fccke zum Totenreich<\/li>\n<\/ul>\n<p>Mit detektivischem Gesp\u00fcr und wissenschaftlicher Pr\u00e4zision zeigt Hansen: Die Dichter der Edda sch\u00f6pften direkt aus Islands Naturgewalten &#8211; Gletscher, Geysire, Vulkane. Ein Muss f\u00fcr Edda-Fans &#8211; und ein einzigartiger Reisef\u00fchrer f\u00fcr Island! Jetzt als \u00fcberarbeitete Neuausgabe &#8211; der Klassiker neu entdeckt.<\/p>\n<p>Walter Hansen studierte an der Ludwig-Maximilians-Universit\u00e4t, war danach Reporter und Redakteur in leitenden Positionen bei gro\u00dfen Tageszeitungen. Heute lebt er als freier Schriftsteller in M\u00fcnchen.<\/p>\n<p>Zu seinen Werken z\u00e4hlen historische Biografien wie etwa \u00fcber Richard Wagner, Tatsachenromane, Sachb\u00fccher und Anthologien. Seine B\u00fcchern wurden vielfach ausgezeichnet und in zahlreiche Sprachen \u00fcbersetzt. Ausz\u00fcge aus seinen Werken sind in Schulb\u00fcchern abgedruckt. Walter Hansen gibt auch eine Reihe literarischer Klassiker heraus, leicht verst\u00e4ndlich erkl\u00e4rt und kommentiert. Dazu geh\u00f6ren &#8222;Die Edda&#8220;, &#8222;Das Nibelungenlied&#8220; und &#8222;Beowulf&#8220;.<\/p>\n<p>Broschierte Ausgabe, 276 Seiten<\/p>\n","protected":false},"excerpt":{"rendered":"<p>Br<\/p>\n","protected":false},"featured_media":26127,"template":"","meta":[],"product_brand":[],"product_cat":[193,185],"product_tag":[2029,348,336,357,310,2030,311],"class_list":{"0":"post-26126","1":"product","2":"type-product","3":"status-publish","4":"has-post-thumbnail","6":"product_cat-germanen","7":"product_cat-literatur","8":"product_tag-asgard","9":"product_tag-edda","10":"product_tag-germanen","11":"product_tag-island","12":"product_tag-reisefuehrer","13":"product_tag-urlaub","14":"product_tag-wikinger","15":"product_shipping_class-paket","17":"first","18":"instock","19":"taxable","20":"shipping-taxable","21":"purchasable","22":"product-type-simple"},"_links":{"self":[{"href":"https:\/\/shop.mittgard.de\/index.php?rest_route=\/wp\/v2\/product\/26126","targetHints":{"allow":["GET"]}}],"collection":[{"href":"https:\/\/shop.mittgard.de\/index.php?rest_route=\/wp\/v2\/product"}],"about":[{"href":"https:\/\/shop.mittgard.de\/index.php?rest_route=\/wp\/v2\/types\/product"}],"wp:featuredmedia":[{"embeddable":true,"href":"https:\/\/shop.mittgard.de\/index.php?rest_route=\/wp\/v2\/media\/26127"}],"wp:attachment":[{"href":"https:\/\/shop.mittgard.de\/index.php?rest_route=%2Fwp%2Fv2%2Fmedia&parent=26126"}],"wp:term":[{"taxonomy":"product_brand","embeddable":true,"href":"https:\/\/shop.mittgard.de\/index.php?rest_route=%2Fwp%2Fv2%2Fproduct_brand&post=26126"},{"taxonomy":"product_cat","embeddable":true,"href":"https:\/\/shop.mittgard.de\/index.php?rest_route=%2Fwp%2Fv2%2Fproduct_cat&post=26126"},{"taxonomy":"product_tag","embeddable":true,"href":"https:\/\/shop.mittgard.de\/index.php?rest_route=%2Fwp%2Fv2%2Fproduct_tag&post=26126"}],"curies":[{"name":"wp","href":"https:\/\/api.w.org\/{rel}","templated":true}]}}