{"id":26131,"date":"2025-10-06T14:48:14","date_gmt":"2025-10-06T12:48:14","guid":{"rendered":"https:\/\/shop.mittgard.de\/?post_type=product&#038;p=26131"},"modified":"2025-10-06T14:48:36","modified_gmt":"2025-10-06T12:48:36","slug":"seisler-sagen-legenden-aus-dem-schwarzwald","status":"publish","type":"product","link":"https:\/\/shop.mittgard.de\/?product=seisler-sagen-legenden-aus-dem-schwarzwald","title":{"rendered":"Seisler &#8222;Sagen &#038; Legenden aus dem Schwarzwald&#8220;"},"content":{"rendered":"<p>Der Schwarzwald &#8211; wild, dunkel, zauberhaft. Und voller Geister&#8230;<\/p>\n<p>Zwischen rauschenden Tannen, tiefen Schluchten und verborgenen H\u00f6fen lauern sie: Wilde M\u00e4nner, Hexen, Schr\u00e4ttele &#8211; und andere Kreaturen, die man nur trifft, wenn der Nebel sich senkt und der Wind uralte Namen fl\u00fcstert. Wer den Schwarzwald kennt, wei\u00df: Diese Landschaft hat ein Eigenleben. Und ihre Sagen sind so faszinierend wie furchteinfl\u00f6\u00dfend.<\/p>\n<p>Miriam und Peter Seisler f\u00fchren Sie auf eine Reise in die geheimnisvolle Seele des Schwarzwalds &#8211; mit Geschichten, die erschauern lassen, verzaubern und manchmal auch ein leises L\u00e4cheln hinterlassen. Gesammelt aus jahrzehntelanger Liebe zur Region und neu erz\u00e4hlt mit feinem Gesp\u00fcr f\u00fcr die Magie der Worte.<\/p>\n<p>Ein Buch f\u00fcr alle, die den Schwarzwald nicht nur durchwandern, sondern auch begreifen wollen, weshalb man sich hier manchmal ein zweites Mal umdrehen sollte.<\/p>\n<p>Gebundene Ausgabe, 160 Seiten<\/p>\n","protected":false},"excerpt":{"rendered":"<p>Geb<\/p>\n","protected":false},"featured_media":26132,"template":"","meta":[],"product_brand":[],"product_cat":[187,185,212],"product_tag":[546,305,1316],"class_list":{"0":"post-26131","1":"product","2":"type-product","3":"status-publish","4":"has-post-thumbnail","6":"product_cat-alternativ-reisen","7":"product_cat-literatur","8":"product_cat-sagen","9":"product_tag-legenden","10":"product_tag-sagen","11":"product_tag-schwarzwald","12":"product_shipping_class-paket","14":"first","15":"instock","16":"taxable","17":"shipping-taxable","18":"purchasable","19":"product-type-simple"},"_links":{"self":[{"href":"https:\/\/shop.mittgard.de\/index.php?rest_route=\/wp\/v2\/product\/26131","targetHints":{"allow":["GET"]}}],"collection":[{"href":"https:\/\/shop.mittgard.de\/index.php?rest_route=\/wp\/v2\/product"}],"about":[{"href":"https:\/\/shop.mittgard.de\/index.php?rest_route=\/wp\/v2\/types\/product"}],"wp:featuredmedia":[{"embeddable":true,"href":"https:\/\/shop.mittgard.de\/index.php?rest_route=\/wp\/v2\/media\/26132"}],"wp:attachment":[{"href":"https:\/\/shop.mittgard.de\/index.php?rest_route=%2Fwp%2Fv2%2Fmedia&parent=26131"}],"wp:term":[{"taxonomy":"product_brand","embeddable":true,"href":"https:\/\/shop.mittgard.de\/index.php?rest_route=%2Fwp%2Fv2%2Fproduct_brand&post=26131"},{"taxonomy":"product_cat","embeddable":true,"href":"https:\/\/shop.mittgard.de\/index.php?rest_route=%2Fwp%2Fv2%2Fproduct_cat&post=26131"},{"taxonomy":"product_tag","embeddable":true,"href":"https:\/\/shop.mittgard.de\/index.php?rest_route=%2Fwp%2Fv2%2Fproduct_tag&post=26131"}],"curies":[{"name":"wp","href":"https:\/\/api.w.org\/{rel}","templated":true}]}}