{"id":2624,"date":"2018-06-22T15:40:08","date_gmt":"2018-06-22T13:40:08","guid":{"rendered":"http:\/\/shop.mittgard.de\/?product=import-placeholder-for-1540"},"modified":"2025-02-23T13:51:14","modified_gmt":"2025-02-23T12:51:14","slug":"saga-3","status":"publish","type":"product","link":"https:\/\/shop.mittgard.de\/?product=saga-3","title":{"rendered":"Saga (50g)"},"content":{"rendered":"<p>R\u00e4ucherung zu Ehren der germanischen G\u00f6ttin der \u00dcberlieferung mit Kiefer, Lavendel, Jasmin&#8230;<\/p>\n","protected":false},"excerpt":{"rendered":"<p>R\u00e4ucherung zu Ehren der germanischen G\u00f6ttin der \u00dcberlieferung mit Kiefer, Lavendel, Jasmin&#8230;<\/p>\n","protected":false},"featured_media":11301,"template":"","meta":[],"product_brand":[],"product_cat":[123,110],"product_tag":[148,139],"class_list":{"0":"post-2624","1":"product","2":"type-product","3":"status-publish","4":"has-post-thumbnail","6":"product_cat-anrufungen","7":"product_cat-raeucherwerk","8":"product_tag-blumig","9":"product_tag-waldig","10":"product_shipping_class-paket","12":"first","13":"instock","14":"taxable","15":"shipping-taxable","16":"purchasable","17":"product-type-simple"},"_links":{"self":[{"href":"https:\/\/shop.mittgard.de\/index.php?rest_route=\/wp\/v2\/product\/2624","targetHints":{"allow":["GET"]}}],"collection":[{"href":"https:\/\/shop.mittgard.de\/index.php?rest_route=\/wp\/v2\/product"}],"about":[{"href":"https:\/\/shop.mittgard.de\/index.php?rest_route=\/wp\/v2\/types\/product"}],"wp:featuredmedia":[{"embeddable":true,"href":"https:\/\/shop.mittgard.de\/index.php?rest_route=\/wp\/v2\/media\/11301"}],"wp:attachment":[{"href":"https:\/\/shop.mittgard.de\/index.php?rest_route=%2Fwp%2Fv2%2Fmedia&parent=2624"}],"wp:term":[{"taxonomy":"product_brand","embeddable":true,"href":"https:\/\/shop.mittgard.de\/index.php?rest_route=%2Fwp%2Fv2%2Fproduct_brand&post=2624"},{"taxonomy":"product_cat","embeddable":true,"href":"https:\/\/shop.mittgard.de\/index.php?rest_route=%2Fwp%2Fv2%2Fproduct_cat&post=2624"},{"taxonomy":"product_tag","embeddable":true,"href":"https:\/\/shop.mittgard.de\/index.php?rest_route=%2Fwp%2Fv2%2Fproduct_tag&post=2624"}],"curies":[{"name":"wp","href":"https:\/\/api.w.org\/{rel}","templated":true}]}}