{"id":2632,"date":"2018-06-22T15:40:14","date_gmt":"2018-06-22T13:40:14","guid":{"rendered":"http:\/\/shop.mittgard.de\/?product=import-placeholder-for-1548"},"modified":"2026-03-27T15:08:38","modified_gmt":"2026-03-27T14:08:38","slug":"vidar-vali-3","status":"publish","type":"product","link":"https:\/\/shop.mittgard.de\/?product=vidar-vali-3","title":{"rendered":"Vidar &#038; Vali (50g)"},"content":{"rendered":"<p>R\u00e4ucherung zu Ehren der germanischen Racheg\u00f6tter mit L\u00e4rche, Fichte, Wacholderbeeren, Minze&#8230;<\/p>\n","protected":false},"excerpt":{"rendered":"<p>R\u00e4ucherung zu Ehren der germanischen Racheg\u00f6tter mit L\u00e4rche, Fichte, Wacholderbeeren, Minze&#8230;<\/p>\n","protected":false},"featured_media":9746,"template":"","meta":[],"product_brand":[],"product_cat":[123,110],"product_tag":[100,171,139],"class_list":{"0":"post-2632","1":"product","2":"type-product","3":"status-publish","4":"has-post-thumbnail","6":"product_cat-anrufungen","7":"product_cat-raeucherwerk","8":"product_tag-erfrischend","9":"product_tag-kraeftigend","10":"product_tag-waldig","11":"product_shipping_class-paket","13":"first","14":"instock","15":"taxable","16":"shipping-taxable","17":"purchasable","18":"product-type-simple"},"_links":{"self":[{"href":"https:\/\/shop.mittgard.de\/index.php?rest_route=\/wp\/v2\/product\/2632","targetHints":{"allow":["GET"]}}],"collection":[{"href":"https:\/\/shop.mittgard.de\/index.php?rest_route=\/wp\/v2\/product"}],"about":[{"href":"https:\/\/shop.mittgard.de\/index.php?rest_route=\/wp\/v2\/types\/product"}],"wp:featuredmedia":[{"embeddable":true,"href":"https:\/\/shop.mittgard.de\/index.php?rest_route=\/wp\/v2\/media\/9746"}],"wp:attachment":[{"href":"https:\/\/shop.mittgard.de\/index.php?rest_route=%2Fwp%2Fv2%2Fmedia&parent=2632"}],"wp:term":[{"taxonomy":"product_brand","embeddable":true,"href":"https:\/\/shop.mittgard.de\/index.php?rest_route=%2Fwp%2Fv2%2Fproduct_brand&post=2632"},{"taxonomy":"product_cat","embeddable":true,"href":"https:\/\/shop.mittgard.de\/index.php?rest_route=%2Fwp%2Fv2%2Fproduct_cat&post=2632"},{"taxonomy":"product_tag","embeddable":true,"href":"https:\/\/shop.mittgard.de\/index.php?rest_route=%2Fwp%2Fv2%2Fproduct_tag&post=2632"}],"curies":[{"name":"wp","href":"https:\/\/api.w.org\/{rel}","templated":true}]}}