{"id":26630,"date":"2025-10-15T13:36:32","date_gmt":"2025-10-15T11:36:32","guid":{"rendered":"https:\/\/shop.mittgard.de\/?post_type=product&#038;p=26630"},"modified":"2026-02-09T08:24:48","modified_gmt":"2026-02-09T07:24:48","slug":"lange-wo-goettinnen-das-land-beschuetzten","status":"publish","type":"product","link":"https:\/\/shop.mittgard.de\/?product=lange-wo-goettinnen-das-land-beschuetzten","title":{"rendered":"Lange &#8222;Wo G\u00f6ttinnen das Land besch\u00fctzten&#8220;"},"content":{"rendered":"<p>Matronen und ihre Kultpl\u00e4tze zwischen Eifel und Rhein<\/p>\n<p>Wiederauflage des hochgesch\u00e4tzten Klassikers!<\/p>\n<p>W\u00e4hrend die Weltreiche der Antike von m\u00e4chtigen G\u00f6ttern beherrscht wurden, verehrte die keltische und germanische Landbev\u00f6lkerung westlich des Rheins regionale Schutzg\u00f6ttinnen. Die Menschen baten sie um Fruchtbarkeit und um Schutz f\u00fcr sich selbst, ihre Familien und ihre Heimat.<\/p>\n<p>Die r\u00f6mischen Besatzer \u00fcbernahmen diese einheimischen Gottheiten, die sie &#8222;Matronae&#8220; nannten, und schufen an besonderen Orten in der Eifel und im Rheinland kleine Tempelanlagen mit Alt\u00e4ren aus Stein. Dort sind drei traditionell gekleidete Frauen aus drei Generationen dargestellt: Mutter, Tochter und Gro\u00dfmutter. Nach wie vor bergen die Matronen viele Geheimnisse, und bis heute geht von den Orten ihrer Verehrung ein magischer Reiz aus.<\/p>\n<p>In dieser umfassenden und kenntnisreichen Betrachtung widmet sich die Autorin dem Matronenkult in seinen verschiedenen Auspr\u00e4gungen, von seinen Urspr\u00fcngen bei den Kelten und Germanen hin zu seinem Bedeutungswandel durch das Aufkommen des Christentums, und seinen Spuren in der rheinischen Sagenwelt. Ihr besonderes Interesse gilt dabei den regionalen Fundstellen von Matronenheiligt\u00fcmern, die noch heute von dem tiefgreifenden Einfluss der Besch\u00fctzerinnen zeugen.<\/p>\n<p>Taschenbuch, 196 Seiten<\/p>\n","protected":false},"excerpt":{"rendered":"<p>TB<\/p>\n","protected":false},"featured_media":26631,"template":"","meta":[],"product_brand":[],"product_cat":[187,189,193,192,185],"product_tag":[1039,336,603,2036,313,1479,1051,2037,312,314],"class_list":{"0":"post-26630","1":"product","2":"type-product","3":"status-publish","4":"has-post-thumbnail","6":"product_cat-alternativ-reisen","7":"product_cat-archaeologie","8":"product_cat-germanen","9":"product_cat-geschichte","10":"product_cat-literatur","11":"product_tag-eifel","12":"product_tag-germanen","13":"product_tag-goettin","14":"product_tag-heiligtuemer","15":"product_tag-kelten","16":"product_tag-kultplaetze","17":"product_tag-matronen","18":"product_tag-muttergottheit","19":"product_tag-rhein","20":"product_tag-roemer","21":"product_shipping_class-paket","23":"first","24":"onbackorder","25":"taxable","26":"shipping-taxable","27":"purchasable","28":"product-type-simple"},"_links":{"self":[{"href":"https:\/\/shop.mittgard.de\/index.php?rest_route=\/wp\/v2\/product\/26630","targetHints":{"allow":["GET"]}}],"collection":[{"href":"https:\/\/shop.mittgard.de\/index.php?rest_route=\/wp\/v2\/product"}],"about":[{"href":"https:\/\/shop.mittgard.de\/index.php?rest_route=\/wp\/v2\/types\/product"}],"wp:featuredmedia":[{"embeddable":true,"href":"https:\/\/shop.mittgard.de\/index.php?rest_route=\/wp\/v2\/media\/26631"}],"wp:attachment":[{"href":"https:\/\/shop.mittgard.de\/index.php?rest_route=%2Fwp%2Fv2%2Fmedia&parent=26630"}],"wp:term":[{"taxonomy":"product_brand","embeddable":true,"href":"https:\/\/shop.mittgard.de\/index.php?rest_route=%2Fwp%2Fv2%2Fproduct_brand&post=26630"},{"taxonomy":"product_cat","embeddable":true,"href":"https:\/\/shop.mittgard.de\/index.php?rest_route=%2Fwp%2Fv2%2Fproduct_cat&post=26630"},{"taxonomy":"product_tag","embeddable":true,"href":"https:\/\/shop.mittgard.de\/index.php?rest_route=%2Fwp%2Fv2%2Fproduct_tag&post=26630"}],"curies":[{"name":"wp","href":"https:\/\/api.w.org\/{rel}","templated":true}]}}