{"id":2665,"date":"2018-06-22T15:40:25","date_gmt":"2018-06-22T13:40:25","guid":{"rendered":"http:\/\/shop.mittgard.de\/?product=import-placeholder-for-1586"},"modified":"2024-12-18T17:07:30","modified_gmt":"2024-12-18T16:07:30","slug":"raeuchereinsteigerset-schale-3","status":"publish","type":"product","link":"https:\/\/shop.mittgard.de\/?product=raeuchereinsteigerset-schale-3","title":{"rendered":"Einsteigerset mit Schale &#8222;Nordland&#8220;"},"content":{"rendered":"<p>1 kleine R\u00e4ucherschale, 1 Rolle R\u00e4ucherkohle, \u2205 3cm, 1 Weihrauch &#8211; Probiert\u00fcte\u00a0 &#8222;Nordland&#8220;, 1 P\u00e4ckchen Nag Champa<\/p>\n<p>die Probiert\u00fcte beinhaltet: Kiefer, Fichte, Mistel, Kamille und Bl\u00fctenpollen<\/p>\n","protected":false},"excerpt":{"rendered":"<p>1 kleine R\u00e4ucherschale, 1 Rolle R\u00e4ucherkohle, \u2205 3cm, 1 Weihrauch &#8211; Probiert\u00fcte\u00a0 &#8222;Nordland&#8220;, 1 P\u00e4ckchen Nag Champa die Probiert\u00fcte beinhaltet: Kiefer, Fichte, Mistel, Kamille und Bl\u00fctenpollen<\/p>\n","protected":false},"featured_media":9831,"template":"","meta":[],"product_brand":[],"product_cat":[128,110],"product_tag":[173,139,133],"class_list":{"0":"post-2665","1":"product","2":"type-product","3":"status-publish","4":"has-post-thumbnail","6":"product_cat-einsteigerset","7":"product_cat-raeucherwerk","8":"product_tag-erdend","9":"product_tag-waldig","10":"product_tag-wuerzig","11":"product_shipping_class-paket","13":"first","14":"instock","15":"taxable","16":"shipping-taxable","17":"purchasable","18":"product-type-simple"},"_links":{"self":[{"href":"https:\/\/shop.mittgard.de\/index.php?rest_route=\/wp\/v2\/product\/2665","targetHints":{"allow":["GET"]}}],"collection":[{"href":"https:\/\/shop.mittgard.de\/index.php?rest_route=\/wp\/v2\/product"}],"about":[{"href":"https:\/\/shop.mittgard.de\/index.php?rest_route=\/wp\/v2\/types\/product"}],"wp:featuredmedia":[{"embeddable":true,"href":"https:\/\/shop.mittgard.de\/index.php?rest_route=\/wp\/v2\/media\/9831"}],"wp:attachment":[{"href":"https:\/\/shop.mittgard.de\/index.php?rest_route=%2Fwp%2Fv2%2Fmedia&parent=2665"}],"wp:term":[{"taxonomy":"product_brand","embeddable":true,"href":"https:\/\/shop.mittgard.de\/index.php?rest_route=%2Fwp%2Fv2%2Fproduct_brand&post=2665"},{"taxonomy":"product_cat","embeddable":true,"href":"https:\/\/shop.mittgard.de\/index.php?rest_route=%2Fwp%2Fv2%2Fproduct_cat&post=2665"},{"taxonomy":"product_tag","embeddable":true,"href":"https:\/\/shop.mittgard.de\/index.php?rest_route=%2Fwp%2Fv2%2Fproduct_tag&post=2665"}],"curies":[{"name":"wp","href":"https:\/\/api.w.org\/{rel}","templated":true}]}}