{"id":26659,"date":"2025-10-21T15:48:34","date_gmt":"2025-10-21T13:48:34","guid":{"rendered":"https:\/\/shop.mittgard.de\/?post_type=product&#038;p=26659"},"modified":"2025-10-21T15:49:23","modified_gmt":"2025-10-21T13:49:23","slug":"coyotezahn-3","status":"publish","type":"product","link":"https:\/\/shop.mittgard.de\/?product=coyotezahn-3","title":{"rendered":"Coyotezahn 3"},"content":{"rendered":"<p>Coyotezahn ca. 3 cm lang mit verzierten Metallperlen<\/p>\n<p>Der Coyote wird bei den nordamerikanischen Ureinwohner genauso gesehen wie bei uns der Fuchs: als Trickster, der mit List &amp; Schl\u00e4ue so manches Hindernis zu \u00fcberwinden wei\u00df.<\/p>\n","protected":false},"excerpt":{"rendered":"<p>Coyotezahn ca. 3 cm lang mit verzierten Metallperlen Der Coyote wird bei den nordamerikanischen Ureinwohner genauso gesehen wie bei uns der Fuchs: als Trickster, der mit List &amp; Schl\u00e4ue so manches Hindernis zu \u00fcberwinden wei\u00df.<\/p>\n","protected":false},"featured_media":26660,"template":"","meta":[],"product_brand":[],"product_cat":[1605,455],"product_tag":[1607,555,534,1609,347],"class_list":{"0":"post-26659","1":"product","2":"type-product","3":"status-publish","4":"has-post-thumbnail","6":"product_cat-knochen-zaehne","7":"product_cat-schmuck","8":"product_tag-coyote","9":"product_tag-fuchs","10":"product_tag-indianer","11":"product_tag-list","12":"product_tag-loki","13":"product_shipping_class-brief","15":"first","16":"instock","17":"sold-individually","18":"taxable","19":"shipping-taxable","20":"purchasable","21":"product-type-simple"},"_links":{"self":[{"href":"https:\/\/shop.mittgard.de\/index.php?rest_route=\/wp\/v2\/product\/26659","targetHints":{"allow":["GET"]}}],"collection":[{"href":"https:\/\/shop.mittgard.de\/index.php?rest_route=\/wp\/v2\/product"}],"about":[{"href":"https:\/\/shop.mittgard.de\/index.php?rest_route=\/wp\/v2\/types\/product"}],"wp:featuredmedia":[{"embeddable":true,"href":"https:\/\/shop.mittgard.de\/index.php?rest_route=\/wp\/v2\/media\/26660"}],"wp:attachment":[{"href":"https:\/\/shop.mittgard.de\/index.php?rest_route=%2Fwp%2Fv2%2Fmedia&parent=26659"}],"wp:term":[{"taxonomy":"product_brand","embeddable":true,"href":"https:\/\/shop.mittgard.de\/index.php?rest_route=%2Fwp%2Fv2%2Fproduct_brand&post=26659"},{"taxonomy":"product_cat","embeddable":true,"href":"https:\/\/shop.mittgard.de\/index.php?rest_route=%2Fwp%2Fv2%2Fproduct_cat&post=26659"},{"taxonomy":"product_tag","embeddable":true,"href":"https:\/\/shop.mittgard.de\/index.php?rest_route=%2Fwp%2Fv2%2Fproduct_tag&post=26659"}],"curies":[{"name":"wp","href":"https:\/\/api.w.org\/{rel}","templated":true}]}}