{"id":2667,"date":"2018-06-22T15:40:26","date_gmt":"2018-06-22T13:40:26","guid":{"rendered":"http:\/\/shop.mittgard.de\/?product=import-placeholder-for-1588"},"modified":"2024-12-14T13:20:29","modified_gmt":"2024-12-14T12:20:29","slug":"weihrauch-probiertuete-liebe-3","status":"publish","type":"product","link":"https:\/\/shop.mittgard.de\/?product=weihrauch-probiertuete-liebe-3","title":{"rendered":"Weihrauch &#8211; Probiert\u00fcte Liebe"},"content":{"rendered":"<p>mit 5 kleinen Probiert\u00fctchen mit Opoponax, Benzoe, Sandelholz, Patchouli, Rosenbl\u00fcten<\/p>\n","protected":false},"excerpt":{"rendered":"<p>mit 5 kleinen Probiert\u00fctchen mit Opoponax, Benzoe, Sandelholz, Patchouli, Rosenbl\u00fcten<\/p>\n","protected":false},"featured_media":6820,"template":"","meta":[],"product_brand":[],"product_cat":[128,110],"product_tag":[154,145,129],"class_list":{"0":"post-2667","1":"product","2":"type-product","3":"status-publish","4":"has-post-thumbnail","6":"product_cat-einsteigerset","7":"product_cat-raeucherwerk","8":"product_tag-aphodisierend","9":"product_tag-schwer","10":"product_tag-suesslich","11":"product_shipping_class-paket","13":"first","14":"instock","15":"taxable","16":"shipping-taxable","17":"purchasable","18":"product-type-simple"},"_links":{"self":[{"href":"https:\/\/shop.mittgard.de\/index.php?rest_route=\/wp\/v2\/product\/2667","targetHints":{"allow":["GET"]}}],"collection":[{"href":"https:\/\/shop.mittgard.de\/index.php?rest_route=\/wp\/v2\/product"}],"about":[{"href":"https:\/\/shop.mittgard.de\/index.php?rest_route=\/wp\/v2\/types\/product"}],"wp:featuredmedia":[{"embeddable":true,"href":"https:\/\/shop.mittgard.de\/index.php?rest_route=\/wp\/v2\/media\/6820"}],"wp:attachment":[{"href":"https:\/\/shop.mittgard.de\/index.php?rest_route=%2Fwp%2Fv2%2Fmedia&parent=2667"}],"wp:term":[{"taxonomy":"product_brand","embeddable":true,"href":"https:\/\/shop.mittgard.de\/index.php?rest_route=%2Fwp%2Fv2%2Fproduct_brand&post=2667"},{"taxonomy":"product_cat","embeddable":true,"href":"https:\/\/shop.mittgard.de\/index.php?rest_route=%2Fwp%2Fv2%2Fproduct_cat&post=2667"},{"taxonomy":"product_tag","embeddable":true,"href":"https:\/\/shop.mittgard.de\/index.php?rest_route=%2Fwp%2Fv2%2Fproduct_tag&post=2667"}],"curies":[{"name":"wp","href":"https:\/\/api.w.org\/{rel}","templated":true}]}}