{"id":26690,"date":"2025-10-23T10:08:12","date_gmt":"2025-10-23T08:08:12","guid":{"rendered":"https:\/\/shop.mittgard.de\/?post_type=product&#038;p=26690"},"modified":"2025-10-23T10:09:19","modified_gmt":"2025-10-23T08:09:19","slug":"radke-das-mittelalterliche-franken","status":"publish","type":"product","link":"https:\/\/shop.mittgard.de\/?product=radke-das-mittelalterliche-franken","title":{"rendered":"Radke &#8222;Das mittelalterliche Franken&#8220;"},"content":{"rendered":"<p>Das mittelalterliche Franken &#8211; entdecken, staunen, eintauchen!<\/p>\n<p>Franken war das schlagende Herz des mittelalterlichen Europas. Von N\u00fcrnberg und W\u00fcrzburg bis Bamberg, Bayreuth, Aschaffenburg, Coburg und Ansbach: pr\u00e4chtige St\u00e4dte, m\u00e4chtige Bauwerke, lebendige Pl\u00e4tze &#8211; Geschichte zum Anfassen.<\/p>\n<p>Dieses reich bebilderte Buch nimmt Sie mit zu Machtzentren und Kultursch\u00e4tzen, l\u00e4sst Burgen fl\u00fcstern und Kathedralen erz\u00e4hlen. Ob unterwegs oder zuhause: Mit Orts- und Objektregister sowie handlichem Personenlexikon finden Sie schnell, was Sie suchen &#8211; und noch schneller, was Sie lieben.<\/p>\n<p>Begeben Sie sich auf eine Zeitreise ins prachtvolle Frankenland und erleben Sie das Mittelalter hautnah!<\/p>\n<p>Horst-Dieter Radke (*1953) lebt seit 1982 in Tauberfranken. Weitere erfolgreiche Titel im Regionalia Verlag: &#8222;Sagen und Legenden aus Franken&#8220;, &#8222;Sagen und Legenden aus N\u00fcrnberg&#8220;, &#8222;Burgensagen&#8220;, &#8222;Sagen und Legenden des Mittelalters&#8220;.<\/p>\n<p>Broschierte Ausgabe, 208 Seiten<\/p>\n","protected":false},"excerpt":{"rendered":"<p>Br<\/p>\n","protected":false},"featured_media":26691,"template":"","meta":[],"product_brand":[],"product_cat":[192,185],"product_tag":[343,327,2044,2045,236],"class_list":{"0":"post-26690","1":"product","2":"type-product","3":"status-publish","4":"has-post-thumbnail","6":"product_cat-geschichte","7":"product_cat-literatur","8":"product_tag-franken","9":"product_tag-geschichte","10":"product_tag-koenige","11":"product_tag-minnesaenger","12":"product_tag-mittelalter","13":"product_shipping_class-paket","15":"first","16":"instock","17":"taxable","18":"shipping-taxable","19":"purchasable","20":"product-type-simple"},"_links":{"self":[{"href":"https:\/\/shop.mittgard.de\/index.php?rest_route=\/wp\/v2\/product\/26690","targetHints":{"allow":["GET"]}}],"collection":[{"href":"https:\/\/shop.mittgard.de\/index.php?rest_route=\/wp\/v2\/product"}],"about":[{"href":"https:\/\/shop.mittgard.de\/index.php?rest_route=\/wp\/v2\/types\/product"}],"wp:featuredmedia":[{"embeddable":true,"href":"https:\/\/shop.mittgard.de\/index.php?rest_route=\/wp\/v2\/media\/26691"}],"wp:attachment":[{"href":"https:\/\/shop.mittgard.de\/index.php?rest_route=%2Fwp%2Fv2%2Fmedia&parent=26690"}],"wp:term":[{"taxonomy":"product_brand","embeddable":true,"href":"https:\/\/shop.mittgard.de\/index.php?rest_route=%2Fwp%2Fv2%2Fproduct_brand&post=26690"},{"taxonomy":"product_cat","embeddable":true,"href":"https:\/\/shop.mittgard.de\/index.php?rest_route=%2Fwp%2Fv2%2Fproduct_cat&post=26690"},{"taxonomy":"product_tag","embeddable":true,"href":"https:\/\/shop.mittgard.de\/index.php?rest_route=%2Fwp%2Fv2%2Fproduct_tag&post=26690"}],"curies":[{"name":"wp","href":"https:\/\/api.w.org\/{rel}","templated":true}]}}