{"id":26695,"date":"2025-10-23T12:33:47","date_gmt":"2025-10-23T10:33:47","guid":{"rendered":"https:\/\/shop.mittgard.de\/?post_type=product&#038;p=26695"},"modified":"2025-10-23T12:36:43","modified_gmt":"2025-10-23T10:36:43","slug":"burgemeister-kleidung-der-renaissance","status":"publish","type":"product","link":"https:\/\/shop.mittgard.de\/?product=burgemeister-kleidung-der-renaissance","title":{"rendered":"Burgemeister &#8222;Kleidung der Renaissance&#8220;"},"content":{"rendered":"<p>Anleitungen f\u00fcr das 16.Jahrhundert<\/p>\n<p>Historische Schneidertechniken f\u00fcr M\u00e4nner und Frauen<\/p>\n<p>Tipps zum historisch korrekten Tragen der Kleidung<\/p>\n<p>Historische Kleidung selbst zu schneidern ist kein Hexenwerk. Aufgrund der historischen Technik des Schneiderns sind keine modernen N\u00e4hkenntnisse erforderlich, die Anleitungen im Buch sind also auch f\u00fcr historisch interessierte Anf\u00e4nger geeignet. Wie Kleidung im 16. Jahrhundert hergestellt, welche N\u00e4hte und Stoffe benutzt und wie die St\u00fccke angepasst wurden, wird anschaulich erkl\u00e4rt.<\/p>\n<p>Das Buch ist eine ideale Grundlage f\u00fcr alle, die Kleidung des 16. Jahrhunderts selbst fertigen wollen.<\/p>\n<p>Dr. Melanie Burgemeister studierte Geschichte und Vergleichende Kulturwissenschaft, ihr Forschungsschwerpunkt ist die Textil- und Kleidungsforschung.<\/p>\n<p>Seit 2005 n\u00e4ht sie historische Kleidung und er\u00f6ffnete 2018 das Textilatelier <em>Faser und Stoff<\/em>.\u00a0 Dort fertigt sie auf Basis des aktuellen Forschungsstandes historische Kleidung nach Ma\u00df.<\/p>\n<p>Gebundene Ausgabe, 160 Seiten<\/p>\n","protected":false},"excerpt":{"rendered":"<p>Geb<\/p>\n","protected":false},"featured_media":26696,"template":"","meta":[],"product_brand":[],"product_cat":[186,188,192,185],"product_tag":[2047,256,234,236,257,1687,2046],"class_list":{"0":"post-26695","1":"product","2":"type-product","3":"status-publish","4":"has-post-thumbnail","6":"product_cat-alternativ-leben","7":"product_cat-altes-handwerk","8":"product_cat-geschichte","9":"product_cat-literatur","10":"product_tag-historische-gewandungen","11":"product_tag-kleidung","12":"product_tag-larp","13":"product_tag-mittelalter","14":"product_tag-naehen","15":"product_tag-renaissance","16":"product_tag-selbstherstellen","17":"product_shipping_class-paket","19":"first","20":"instock","21":"taxable","22":"shipping-taxable","23":"purchasable","24":"product-type-simple"},"_links":{"self":[{"href":"https:\/\/shop.mittgard.de\/index.php?rest_route=\/wp\/v2\/product\/26695","targetHints":{"allow":["GET"]}}],"collection":[{"href":"https:\/\/shop.mittgard.de\/index.php?rest_route=\/wp\/v2\/product"}],"about":[{"href":"https:\/\/shop.mittgard.de\/index.php?rest_route=\/wp\/v2\/types\/product"}],"wp:featuredmedia":[{"embeddable":true,"href":"https:\/\/shop.mittgard.de\/index.php?rest_route=\/wp\/v2\/media\/26696"}],"wp:attachment":[{"href":"https:\/\/shop.mittgard.de\/index.php?rest_route=%2Fwp%2Fv2%2Fmedia&parent=26695"}],"wp:term":[{"taxonomy":"product_brand","embeddable":true,"href":"https:\/\/shop.mittgard.de\/index.php?rest_route=%2Fwp%2Fv2%2Fproduct_brand&post=26695"},{"taxonomy":"product_cat","embeddable":true,"href":"https:\/\/shop.mittgard.de\/index.php?rest_route=%2Fwp%2Fv2%2Fproduct_cat&post=26695"},{"taxonomy":"product_tag","embeddable":true,"href":"https:\/\/shop.mittgard.de\/index.php?rest_route=%2Fwp%2Fv2%2Fproduct_tag&post=26695"}],"curies":[{"name":"wp","href":"https:\/\/api.w.org\/{rel}","templated":true}]}}