{"id":2671,"date":"2018-06-22T15:40:26","date_gmt":"2018-06-22T13:40:26","guid":{"rendered":"http:\/\/shop.mittgard.de\/?product=import-placeholder-for-1592"},"modified":"2024-12-14T13:22:19","modified_gmt":"2024-12-14T12:22:19","slug":"weihrauch-probiertuete-weisse-magie-3","status":"publish","type":"product","link":"https:\/\/shop.mittgard.de\/?product=weihrauch-probiertuete-weisse-magie-3","title":{"rendered":"Weihrauch &#8211; Probiert\u00fcte Weisse Magie"},"content":{"rendered":"<p>mit 5 kleinen Probiert\u00fctchen mit Lorbeerbl\u00e4tter, Olibanum, Myrrhe, Lavendel, Ysop<\/p>\n","protected":false},"excerpt":{"rendered":"<p>mit 5 kleinen Probiert\u00fctchen mit Lorbeerbl\u00e4tter, Olibanum, Myrrhe, Lavendel, Ysop<\/p>\n","protected":false},"featured_media":6828,"template":"","meta":[],"product_brand":[],"product_cat":[128,110],"product_tag":[143,163,176],"class_list":{"0":"post-2671","1":"product","2":"type-product","3":"status-publish","4":"has-post-thumbnail","6":"product_cat-einsteigerset","7":"product_cat-raeucherwerk","8":"product_tag-balsamisch","9":"product_tag-klaerend","10":"product_tag-weisse-magie","11":"product_shipping_class-paket","13":"first","14":"instock","15":"taxable","16":"shipping-taxable","17":"purchasable","18":"product-type-simple"},"_links":{"self":[{"href":"https:\/\/shop.mittgard.de\/index.php?rest_route=\/wp\/v2\/product\/2671","targetHints":{"allow":["GET"]}}],"collection":[{"href":"https:\/\/shop.mittgard.de\/index.php?rest_route=\/wp\/v2\/product"}],"about":[{"href":"https:\/\/shop.mittgard.de\/index.php?rest_route=\/wp\/v2\/types\/product"}],"wp:featuredmedia":[{"embeddable":true,"href":"https:\/\/shop.mittgard.de\/index.php?rest_route=\/wp\/v2\/media\/6828"}],"wp:attachment":[{"href":"https:\/\/shop.mittgard.de\/index.php?rest_route=%2Fwp%2Fv2%2Fmedia&parent=2671"}],"wp:term":[{"taxonomy":"product_brand","embeddable":true,"href":"https:\/\/shop.mittgard.de\/index.php?rest_route=%2Fwp%2Fv2%2Fproduct_brand&post=2671"},{"taxonomy":"product_cat","embeddable":true,"href":"https:\/\/shop.mittgard.de\/index.php?rest_route=%2Fwp%2Fv2%2Fproduct_cat&post=2671"},{"taxonomy":"product_tag","embeddable":true,"href":"https:\/\/shop.mittgard.de\/index.php?rest_route=%2Fwp%2Fv2%2Fproduct_tag&post=2671"}],"curies":[{"name":"wp","href":"https:\/\/api.w.org\/{rel}","templated":true}]}}