{"id":26718,"date":"2025-11-17T13:42:45","date_gmt":"2025-11-17T12:42:45","guid":{"rendered":"https:\/\/shop.mittgard.de\/?post_type=product&#038;p=26718"},"modified":"2025-11-19T18:57:01","modified_gmt":"2025-11-19T17:57:01","slug":"stefansdottir-erla-erlas-elfen","status":"publish","type":"product","link":"https:\/\/shop.mittgard.de\/?product=stefansdottir-erla-erlas-elfen","title":{"rendered":"Stef\u00e1nsd\u00f3ttir, Erla &#8222;Erlas Elfen&#8220;"},"content":{"rendered":"<p>Die isl\u00e4ndische &#8222;Elfenbeauftragte&#8220; erz\u00e4hlt wahre Geschichten<\/p>\n<p>Sie wurde als &#8222;Elfenbeauftragte&#8220; bezeichnet, was zwar kein offizieller Titel ist, aber es stimmt: Erla Stef\u00e1nsd\u00f3ttir war hellsichtig und konnte Naturwesen sehen. Sie hat auch verschiedentlich geholfen, wieder Frieden zu stiften zwischen den Menschen und Naturgeistern.<\/p>\n<p>Dieser unterhaltsame, gleichwohl zum Nachdenken anregende Band enth\u00e4lt skurrile und lustige, manchmal aber auch melancholische und anr\u00fchrende Geschichten und Anekdoten aus einem an seltsamen Erlebnissen reichen Leben.<\/p>\n<p>Broschierte Ausgabe, 128 Seiten<\/p>\n","protected":false},"excerpt":{"rendered":"<p>Br<\/p>\n","protected":false},"featured_media":26719,"template":"","meta":[],"product_brand":[],"product_cat":[197,185,200],"product_tag":[504,357,323,1141],"class_list":{"0":"post-26718","1":"product","2":"type-product","3":"status-publish","4":"has-post-thumbnail","6":"product_cat-kinderbuecher","7":"product_cat-literatur","8":"product_cat-naturgeister","9":"product_tag-elfen","10":"product_tag-island","11":"product_tag-naturgeister","12":"product_tag-zwerge","13":"product_shipping_class-brief","15":"first","16":"onbackorder","17":"taxable","18":"shipping-taxable","19":"purchasable","20":"product-type-simple"},"_links":{"self":[{"href":"https:\/\/shop.mittgard.de\/index.php?rest_route=\/wp\/v2\/product\/26718","targetHints":{"allow":["GET"]}}],"collection":[{"href":"https:\/\/shop.mittgard.de\/index.php?rest_route=\/wp\/v2\/product"}],"about":[{"href":"https:\/\/shop.mittgard.de\/index.php?rest_route=\/wp\/v2\/types\/product"}],"wp:featuredmedia":[{"embeddable":true,"href":"https:\/\/shop.mittgard.de\/index.php?rest_route=\/wp\/v2\/media\/26719"}],"wp:attachment":[{"href":"https:\/\/shop.mittgard.de\/index.php?rest_route=%2Fwp%2Fv2%2Fmedia&parent=26718"}],"wp:term":[{"taxonomy":"product_brand","embeddable":true,"href":"https:\/\/shop.mittgard.de\/index.php?rest_route=%2Fwp%2Fv2%2Fproduct_brand&post=26718"},{"taxonomy":"product_cat","embeddable":true,"href":"https:\/\/shop.mittgard.de\/index.php?rest_route=%2Fwp%2Fv2%2Fproduct_cat&post=26718"},{"taxonomy":"product_tag","embeddable":true,"href":"https:\/\/shop.mittgard.de\/index.php?rest_route=%2Fwp%2Fv2%2Fproduct_tag&post=26718"}],"curies":[{"name":"wp","href":"https:\/\/api.w.org\/{rel}","templated":true}]}}